{"id":2432,"date":"2025-12-10T13:15:00","date_gmt":"2025-12-10T13:15:00","guid":{"rendered":"https:\/\/bioperfectus.com.br\/product\/panel-de-bacterias-respiratorias-allfastra-7-kit-de-pcr-en-tiempo-real\/"},"modified":"2025-12-10T13:15:00","modified_gmt":"2025-12-10T13:15:00","slug":"panel-de-bacterias-respiratorias-allfastra-7-kit-de-pcr-en-tiempo-real","status":"publish","type":"product","link":"https:\/\/bioperfectus.com.br\/es\/product\/panel-de-bacterias-respiratorias-allfastra-7-kit-de-pcr-en-tiempo-real\/","title":{"rendered":"Panel de Bacterias Respiratorias Allfastra (7) Kit de PCR en Tiempo Real"},"content":{"rendered":"","protected":false},"excerpt":{"rendered":"<p>El Panel de Bacterias Respiratorias Allfastra (7) Kit de PCR en Tiempo Real de BioPerfectus es una prueba de diagn\u00f3stico in vitro, basada en la tecnolog\u00eda de PCR multiplex en tiempo real, para la detecci\u00f3n y diferenciaci\u00f3n cualitativa simult\u00e1nea de \u00e1cidos nucleicos de m\u00faltiples organismos bacterianos respiratorios (incluyendo Haemophilus influenzae, Mycoplasma pneumoniae, Legionella pneumophila, Klebsiella pneumoniae, Streptococcus pneumoniae, Bordetella parapertussis y Bordetella pertussis) en muestras humanas de hisopado nasofar\u00edngeo, esputo y fluido de lavado broncoalveolar.<\/p>\n","protected":false},"featured_media":490,"template":"","meta":{"_acf_changed":false},"product_brand":[],"product_cat":[126,131,80],"product_tag":[],"class_list":{"0":"post-2432","1":"product","2":"type-product","3":"status-publish","4":"has-post-thumbnail","6":"product_cat-diagnostico-para-humanos","7":"product_cat-infecciones-respiratorias","8":"product_cat-pcr","10":"first","11":"instock","12":"shipping-taxable","13":"purchasable","14":"product-type-simple"},"acf":[],"yoast_head":"<!-- This site is optimized with the Yoast SEO plugin v27.4 - https:\/\/yoast.com\/product\/yoast-seo-wordpress\/ -->\n<title>Panel de Bacterias Respiratorias Allfastra (7) Kit de PCR en Tiempo Real - Bioperfectus Brasil<\/title>\n<meta name=\"robots\" content=\"index, follow, max-snippet:-1, max-image-preview:large, max-video-preview:-1\" \/>\n<link rel=\"canonical\" href=\"https:\/\/bioperfectus.com.br\/es\/product\/panel-de-bacterias-respiratorias-allfastra-7-kit-de-pcr-en-tiempo-real\/\" \/>\n<meta property=\"og:locale\" content=\"es_ES\" \/>\n<meta property=\"og:type\" content=\"article\" \/>\n<meta property=\"og:title\" content=\"Panel de Bacterias Respiratorias Allfastra (7) Kit de PCR en Tiempo Real - Bioperfectus Brasil\" \/>\n<meta property=\"og:description\" content=\"El Panel de Bacterias Respiratorias Allfastra (7) Kit de PCR en Tiempo Real de BioPerfectus es una prueba de diagn\u00f3stico in vitro, basada en la tecnolog\u00eda de PCR multiplex en tiempo real, para la detecci\u00f3n y diferenciaci\u00f3n cualitativa simult\u00e1nea de \u00e1cidos nucleicos de m\u00faltiples organismos bacterianos respiratorios (incluyendo Haemophilus influenzae, Mycoplasma pneumoniae, Legionella pneumophila, Klebsiella pneumoniae, Streptococcus pneumoniae, Bordetella parapertussis y Bordetella pertussis) en muestras humanas de hisopado nasofar\u00edngeo, esputo y fluido de lavado broncoalveolar.\" \/>\n<meta property=\"og:url\" content=\"https:\/\/bioperfectus.com.br\/es\/product\/panel-de-bacterias-respiratorias-allfastra-7-kit-de-pcr-en-tiempo-real\/\" \/>\n<meta property=\"og:site_name\" content=\"Bioperfectus Brasil\" \/>\n<meta property=\"og:image\" content=\"https:\/\/bioperfectus.com.br\/wp-content\/uploads\/2025\/12\/Product_1675391125-2.png\" \/>\n\t<meta property=\"og:image:width\" content=\"1200\" \/>\n\t<meta property=\"og:image:height\" content=\"900\" \/>\n\t<meta property=\"og:image:type\" content=\"image\/png\" \/>\n<meta name=\"twitter:card\" content=\"summary_large_image\" \/>\n<script type=\"application\/ld+json\" class=\"yoast-schema-graph\">{\"@context\":\"https:\\\/\\\/schema.org\",\"@graph\":[{\"@type\":\"WebPage\",\"@id\":\"https:\\\/\\\/bioperfectus.com.br\\\/es\\\/product\\\/panel-de-bacterias-respiratorias-allfastra-7-kit-de-pcr-en-tiempo-real\\\/\",\"url\":\"https:\\\/\\\/bioperfectus.com.br\\\/es\\\/product\\\/panel-de-bacterias-respiratorias-allfastra-7-kit-de-pcr-en-tiempo-real\\\/\",\"name\":\"Panel de Bacterias Respiratorias Allfastra (7) Kit de PCR en Tiempo Real - Bioperfectus Brasil\",\"isPartOf\":{\"@id\":\"https:\\\/\\\/bioperfectus.com.br\\\/es\\\/#website\"},\"primaryImageOfPage\":{\"@id\":\"https:\\\/\\\/bioperfectus.com.br\\\/es\\\/product\\\/panel-de-bacterias-respiratorias-allfastra-7-kit-de-pcr-en-tiempo-real\\\/#primaryimage\"},\"image\":{\"@id\":\"https:\\\/\\\/bioperfectus.com.br\\\/es\\\/product\\\/panel-de-bacterias-respiratorias-allfastra-7-kit-de-pcr-en-tiempo-real\\\/#primaryimage\"},\"thumbnailUrl\":\"https:\\\/\\\/bioperfectus.com.br\\\/wp-content\\\/uploads\\\/2025\\\/12\\\/Product_1675391125-2.png\",\"datePublished\":\"2025-12-10T13:15:00+00:00\",\"breadcrumb\":{\"@id\":\"https:\\\/\\\/bioperfectus.com.br\\\/es\\\/product\\\/panel-de-bacterias-respiratorias-allfastra-7-kit-de-pcr-en-tiempo-real\\\/#breadcrumb\"},\"inLanguage\":\"es\",\"potentialAction\":[{\"@type\":\"ReadAction\",\"target\":[\"https:\\\/\\\/bioperfectus.com.br\\\/es\\\/product\\\/panel-de-bacterias-respiratorias-allfastra-7-kit-de-pcr-en-tiempo-real\\\/\"]}]},{\"@type\":\"ImageObject\",\"inLanguage\":\"es\",\"@id\":\"https:\\\/\\\/bioperfectus.com.br\\\/es\\\/product\\\/panel-de-bacterias-respiratorias-allfastra-7-kit-de-pcr-en-tiempo-real\\\/#primaryimage\",\"url\":\"https:\\\/\\\/bioperfectus.com.br\\\/wp-content\\\/uploads\\\/2025\\\/12\\\/Product_1675391125-2.png\",\"contentUrl\":\"https:\\\/\\\/bioperfectus.com.br\\\/wp-content\\\/uploads\\\/2025\\\/12\\\/Product_1675391125-2.png\",\"width\":1200,\"height\":900},{\"@type\":\"BreadcrumbList\",\"@id\":\"https:\\\/\\\/bioperfectus.com.br\\\/es\\\/product\\\/panel-de-bacterias-respiratorias-allfastra-7-kit-de-pcr-en-tiempo-real\\\/#breadcrumb\",\"itemListElement\":[{\"@type\":\"ListItem\",\"position\":1,\"name\":\"Home\",\"item\":\"https:\\\/\\\/bioperfectus.com.br\\\/es\\\/pagina-de-inicio\\\/?lang=es\"},{\"@type\":\"ListItem\",\"position\":2,\"name\":\"Tienda\",\"item\":\"https:\\\/\\\/bioperfectus.com.br\\\/tienda\\\/?lang=es\"},{\"@type\":\"ListItem\",\"position\":3,\"name\":\"Panel de Bacterias Respiratorias Allfastra (7) Kit de PCR en Tiempo Real\"}]},{\"@type\":\"WebSite\",\"@id\":\"https:\\\/\\\/bioperfectus.com.br\\\/es\\\/#website\",\"url\":\"https:\\\/\\\/bioperfectus.com.br\\\/es\\\/\",\"name\":\"Bioperfectus Brasil\",\"description\":\"Unimos ci\u00eancia molecular, tecnologia de ponta e cuidado humano para oferecer diagn\u00f3sticos precisos, seguros e confi\u00e1veis.\",\"publisher\":{\"@id\":\"https:\\\/\\\/bioperfectus.com.br\\\/es\\\/#organization\"},\"potentialAction\":[{\"@type\":\"SearchAction\",\"target\":{\"@type\":\"EntryPoint\",\"urlTemplate\":\"https:\\\/\\\/bioperfectus.com.br\\\/es\\\/?s={search_term_string}\"},\"query-input\":{\"@type\":\"PropertyValueSpecification\",\"valueRequired\":true,\"valueName\":\"search_term_string\"}}],\"inLanguage\":\"es\"},{\"@type\":\"Organization\",\"@id\":\"https:\\\/\\\/bioperfectus.com.br\\\/es\\\/#organization\",\"name\":\"Bioperfectus Brasil\",\"url\":\"https:\\\/\\\/bioperfectus.com.br\\\/es\\\/\",\"logo\":{\"@type\":\"ImageObject\",\"inLanguage\":\"es\",\"@id\":\"https:\\\/\\\/bioperfectus.com.br\\\/es\\\/#\\\/schema\\\/logo\\\/image\\\/\",\"url\":\"https:\\\/\\\/bioperfectus.com.br\\\/wp-content\\\/uploads\\\/2025\\\/10\\\/bp-logo-color.webp\",\"contentUrl\":\"https:\\\/\\\/bioperfectus.com.br\\\/wp-content\\\/uploads\\\/2025\\\/10\\\/bp-logo-color.webp\",\"width\":995,\"height\":251,\"caption\":\"Bioperfectus Brasil\"},\"image\":{\"@id\":\"https:\\\/\\\/bioperfectus.com.br\\\/es\\\/#\\\/schema\\\/logo\\\/image\\\/\"}}]}<\/script>\n<!-- \/ Yoast SEO plugin. -->","yoast_head_json":{"title":"Panel de Bacterias Respiratorias Allfastra (7) Kit de PCR en Tiempo Real - Bioperfectus Brasil","robots":{"index":"index","follow":"follow","max-snippet":"max-snippet:-1","max-image-preview":"max-image-preview:large","max-video-preview":"max-video-preview:-1"},"canonical":"https:\/\/bioperfectus.com.br\/es\/product\/panel-de-bacterias-respiratorias-allfastra-7-kit-de-pcr-en-tiempo-real\/","og_locale":"es_ES","og_type":"article","og_title":"Panel de Bacterias Respiratorias Allfastra (7) Kit de PCR en Tiempo Real - Bioperfectus Brasil","og_description":"El Panel de Bacterias Respiratorias Allfastra (7) Kit de PCR en Tiempo Real de BioPerfectus es una prueba de diagn\u00f3stico in vitro, basada en la tecnolog\u00eda de PCR multiplex en tiempo real, para la detecci\u00f3n y diferenciaci\u00f3n cualitativa simult\u00e1nea de \u00e1cidos nucleicos de m\u00faltiples organismos bacterianos respiratorios (incluyendo Haemophilus influenzae, Mycoplasma pneumoniae, Legionella pneumophila, Klebsiella pneumoniae, Streptococcus pneumoniae, Bordetella parapertussis y Bordetella pertussis) en muestras humanas de hisopado nasofar\u00edngeo, esputo y fluido de lavado broncoalveolar.","og_url":"https:\/\/bioperfectus.com.br\/es\/product\/panel-de-bacterias-respiratorias-allfastra-7-kit-de-pcr-en-tiempo-real\/","og_site_name":"Bioperfectus Brasil","og_image":[{"width":1200,"height":900,"url":"https:\/\/bioperfectus.com.br\/wp-content\/uploads\/2025\/12\/Product_1675391125-2.png","type":"image\/png"}],"twitter_card":"summary_large_image","schema":{"@context":"https:\/\/schema.org","@graph":[{"@type":"WebPage","@id":"https:\/\/bioperfectus.com.br\/es\/product\/panel-de-bacterias-respiratorias-allfastra-7-kit-de-pcr-en-tiempo-real\/","url":"https:\/\/bioperfectus.com.br\/es\/product\/panel-de-bacterias-respiratorias-allfastra-7-kit-de-pcr-en-tiempo-real\/","name":"Panel de Bacterias Respiratorias Allfastra (7) Kit de PCR en Tiempo Real - Bioperfectus Brasil","isPartOf":{"@id":"https:\/\/bioperfectus.com.br\/es\/#website"},"primaryImageOfPage":{"@id":"https:\/\/bioperfectus.com.br\/es\/product\/panel-de-bacterias-respiratorias-allfastra-7-kit-de-pcr-en-tiempo-real\/#primaryimage"},"image":{"@id":"https:\/\/bioperfectus.com.br\/es\/product\/panel-de-bacterias-respiratorias-allfastra-7-kit-de-pcr-en-tiempo-real\/#primaryimage"},"thumbnailUrl":"https:\/\/bioperfectus.com.br\/wp-content\/uploads\/2025\/12\/Product_1675391125-2.png","datePublished":"2025-12-10T13:15:00+00:00","breadcrumb":{"@id":"https:\/\/bioperfectus.com.br\/es\/product\/panel-de-bacterias-respiratorias-allfastra-7-kit-de-pcr-en-tiempo-real\/#breadcrumb"},"inLanguage":"es","potentialAction":[{"@type":"ReadAction","target":["https:\/\/bioperfectus.com.br\/es\/product\/panel-de-bacterias-respiratorias-allfastra-7-kit-de-pcr-en-tiempo-real\/"]}]},{"@type":"ImageObject","inLanguage":"es","@id":"https:\/\/bioperfectus.com.br\/es\/product\/panel-de-bacterias-respiratorias-allfastra-7-kit-de-pcr-en-tiempo-real\/#primaryimage","url":"https:\/\/bioperfectus.com.br\/wp-content\/uploads\/2025\/12\/Product_1675391125-2.png","contentUrl":"https:\/\/bioperfectus.com.br\/wp-content\/uploads\/2025\/12\/Product_1675391125-2.png","width":1200,"height":900},{"@type":"BreadcrumbList","@id":"https:\/\/bioperfectus.com.br\/es\/product\/panel-de-bacterias-respiratorias-allfastra-7-kit-de-pcr-en-tiempo-real\/#breadcrumb","itemListElement":[{"@type":"ListItem","position":1,"name":"Home","item":"https:\/\/bioperfectus.com.br\/es\/pagina-de-inicio\/?lang=es"},{"@type":"ListItem","position":2,"name":"Tienda","item":"https:\/\/bioperfectus.com.br\/tienda\/?lang=es"},{"@type":"ListItem","position":3,"name":"Panel de Bacterias Respiratorias Allfastra (7) Kit de PCR en Tiempo Real"}]},{"@type":"WebSite","@id":"https:\/\/bioperfectus.com.br\/es\/#website","url":"https:\/\/bioperfectus.com.br\/es\/","name":"Bioperfectus Brasil","description":"Unimos ci\u00eancia molecular, tecnologia de ponta e cuidado humano para oferecer diagn\u00f3sticos precisos, seguros e confi\u00e1veis.","publisher":{"@id":"https:\/\/bioperfectus.com.br\/es\/#organization"},"potentialAction":[{"@type":"SearchAction","target":{"@type":"EntryPoint","urlTemplate":"https:\/\/bioperfectus.com.br\/es\/?s={search_term_string}"},"query-input":{"@type":"PropertyValueSpecification","valueRequired":true,"valueName":"search_term_string"}}],"inLanguage":"es"},{"@type":"Organization","@id":"https:\/\/bioperfectus.com.br\/es\/#organization","name":"Bioperfectus Brasil","url":"https:\/\/bioperfectus.com.br\/es\/","logo":{"@type":"ImageObject","inLanguage":"es","@id":"https:\/\/bioperfectus.com.br\/es\/#\/schema\/logo\/image\/","url":"https:\/\/bioperfectus.com.br\/wp-content\/uploads\/2025\/10\/bp-logo-color.webp","contentUrl":"https:\/\/bioperfectus.com.br\/wp-content\/uploads\/2025\/10\/bp-logo-color.webp","width":995,"height":251,"caption":"Bioperfectus Brasil"},"image":{"@id":"https:\/\/bioperfectus.com.br\/es\/#\/schema\/logo\/image\/"}}]}},"_links":{"self":[{"href":"https:\/\/bioperfectus.com.br\/es\/wp-json\/wp\/v2\/product\/2432","targetHints":{"allow":["GET"]}}],"collection":[{"href":"https:\/\/bioperfectus.com.br\/es\/wp-json\/wp\/v2\/product"}],"about":[{"href":"https:\/\/bioperfectus.com.br\/es\/wp-json\/wp\/v2\/types\/product"}],"wp:featuredmedia":[{"embeddable":true,"href":"https:\/\/bioperfectus.com.br\/es\/wp-json\/wp\/v2\/media\/490"}],"wp:attachment":[{"href":"https:\/\/bioperfectus.com.br\/es\/wp-json\/wp\/v2\/media?parent=2432"}],"wp:term":[{"taxonomy":"product_brand","embeddable":true,"href":"https:\/\/bioperfectus.com.br\/es\/wp-json\/wp\/v2\/product_brand?post=2432"},{"taxonomy":"product_cat","embeddable":true,"href":"https:\/\/bioperfectus.com.br\/es\/wp-json\/wp\/v2\/product_cat?post=2432"},{"taxonomy":"product_tag","embeddable":true,"href":"https:\/\/bioperfectus.com.br\/es\/wp-json\/wp\/v2\/product_tag?post=2432"}],"curies":[{"name":"wp","href":"https:\/\/api.w.org\/{rel}","templated":true}]}}