{"id":2377,"date":"2025-12-10T14:52:57","date_gmt":"2025-12-10T14:52:57","guid":{"rendered":"https:\/\/bioperfectus.com.br\/product\/kit-de-pcr-en-tiempo-real-para-mycoplasma-pneumoniae\/"},"modified":"2025-12-10T14:52:57","modified_gmt":"2025-12-10T14:52:57","slug":"kit-de-pcr-en-tiempo-real-para-mycoplasma-pneumoniae","status":"publish","type":"product","link":"https:\/\/bioperfectus.com.br\/es\/product\/kit-de-pcr-en-tiempo-real-para-mycoplasma-pneumoniae\/","title":{"rendered":"Kit de PCR en Tiempo Real para Mycoplasma Pneumoniae"},"content":{"rendered":"","protected":false},"excerpt":{"rendered":"<p>El Mycoplasma pneumoniae es el pat\u00f3geno causante de la neumon\u00eda por Mycoplasma. El inicio de la infecci\u00f3n suele ser lento, presentando s\u00edntomas como anorexia, n\u00e1useas, v\u00f3mitos, dolor de garganta, dolor de cabeza, fiebre y dolores musculares. <\/p>\n","protected":false},"featured_media":529,"template":"","meta":{"_acf_changed":false},"product_brand":[],"product_cat":[126,131,80],"product_tag":[],"class_list":{"0":"post-2377","1":"product","2":"type-product","3":"status-publish","4":"has-post-thumbnail","6":"product_cat-diagnostico-para-humanos","7":"product_cat-infecciones-respiratorias","8":"product_cat-pcr","10":"first","11":"instock","12":"shipping-taxable","13":"purchasable","14":"product-type-simple"},"acf":[],"yoast_head":"<!-- This site is optimized with the Yoast SEO plugin v27.4 - https:\/\/yoast.com\/product\/yoast-seo-wordpress\/ -->\n<title>Kit de PCR en Tiempo Real para Mycoplasma Pneumoniae - Bioperfectus Brasil<\/title>\n<meta name=\"robots\" content=\"index, follow, max-snippet:-1, max-image-preview:large, max-video-preview:-1\" \/>\n<link rel=\"canonical\" href=\"https:\/\/bioperfectus.com.br\/es\/product\/kit-de-pcr-en-tiempo-real-para-mycoplasma-pneumoniae\/\" \/>\n<meta property=\"og:locale\" content=\"es_ES\" \/>\n<meta property=\"og:type\" content=\"article\" \/>\n<meta property=\"og:title\" content=\"Kit de PCR en Tiempo Real para Mycoplasma Pneumoniae - Bioperfectus Brasil\" \/>\n<meta property=\"og:description\" content=\"El Mycoplasma pneumoniae es el pat\u00f3geno causante de la neumon\u00eda por Mycoplasma. El inicio de la infecci\u00f3n suele ser lento, presentando s\u00edntomas como anorexia, n\u00e1useas, v\u00f3mitos, dolor de garganta, dolor de cabeza, fiebre y dolores musculares.\" \/>\n<meta property=\"og:url\" content=\"https:\/\/bioperfectus.com.br\/es\/product\/kit-de-pcr-en-tiempo-real-para-mycoplasma-pneumoniae\/\" \/>\n<meta property=\"og:site_name\" content=\"Bioperfectus Brasil\" \/>\n<meta property=\"og:image\" content=\"https:\/\/bioperfectus.com.br\/wp-content\/uploads\/2025\/12\/Product_1678681363.png\" \/>\n\t<meta property=\"og:image:width\" content=\"1200\" \/>\n\t<meta property=\"og:image:height\" content=\"900\" \/>\n\t<meta property=\"og:image:type\" content=\"image\/png\" \/>\n<meta name=\"twitter:card\" content=\"summary_large_image\" \/>\n<script type=\"application\/ld+json\" class=\"yoast-schema-graph\">{\"@context\":\"https:\\\/\\\/schema.org\",\"@graph\":[{\"@type\":\"WebPage\",\"@id\":\"https:\\\/\\\/bioperfectus.com.br\\\/es\\\/product\\\/kit-de-pcr-en-tiempo-real-para-mycoplasma-pneumoniae\\\/\",\"url\":\"https:\\\/\\\/bioperfectus.com.br\\\/es\\\/product\\\/kit-de-pcr-en-tiempo-real-para-mycoplasma-pneumoniae\\\/\",\"name\":\"Kit de PCR en Tiempo Real para Mycoplasma Pneumoniae - Bioperfectus Brasil\",\"isPartOf\":{\"@id\":\"https:\\\/\\\/bioperfectus.com.br\\\/es\\\/#website\"},\"primaryImageOfPage\":{\"@id\":\"https:\\\/\\\/bioperfectus.com.br\\\/es\\\/product\\\/kit-de-pcr-en-tiempo-real-para-mycoplasma-pneumoniae\\\/#primaryimage\"},\"image\":{\"@id\":\"https:\\\/\\\/bioperfectus.com.br\\\/es\\\/product\\\/kit-de-pcr-en-tiempo-real-para-mycoplasma-pneumoniae\\\/#primaryimage\"},\"thumbnailUrl\":\"https:\\\/\\\/bioperfectus.com.br\\\/wp-content\\\/uploads\\\/2025\\\/12\\\/Product_1678681363.png\",\"datePublished\":\"2025-12-10T14:52:57+00:00\",\"breadcrumb\":{\"@id\":\"https:\\\/\\\/bioperfectus.com.br\\\/es\\\/product\\\/kit-de-pcr-en-tiempo-real-para-mycoplasma-pneumoniae\\\/#breadcrumb\"},\"inLanguage\":\"es\",\"potentialAction\":[{\"@type\":\"ReadAction\",\"target\":[\"https:\\\/\\\/bioperfectus.com.br\\\/es\\\/product\\\/kit-de-pcr-en-tiempo-real-para-mycoplasma-pneumoniae\\\/\"]}]},{\"@type\":\"ImageObject\",\"inLanguage\":\"es\",\"@id\":\"https:\\\/\\\/bioperfectus.com.br\\\/es\\\/product\\\/kit-de-pcr-en-tiempo-real-para-mycoplasma-pneumoniae\\\/#primaryimage\",\"url\":\"https:\\\/\\\/bioperfectus.com.br\\\/wp-content\\\/uploads\\\/2025\\\/12\\\/Product_1678681363.png\",\"contentUrl\":\"https:\\\/\\\/bioperfectus.com.br\\\/wp-content\\\/uploads\\\/2025\\\/12\\\/Product_1678681363.png\",\"width\":1200,\"height\":900},{\"@type\":\"BreadcrumbList\",\"@id\":\"https:\\\/\\\/bioperfectus.com.br\\\/es\\\/product\\\/kit-de-pcr-en-tiempo-real-para-mycoplasma-pneumoniae\\\/#breadcrumb\",\"itemListElement\":[{\"@type\":\"ListItem\",\"position\":1,\"name\":\"Home\",\"item\":\"https:\\\/\\\/bioperfectus.com.br\\\/es\\\/pagina-de-inicio\\\/?lang=es\"},{\"@type\":\"ListItem\",\"position\":2,\"name\":\"Tienda\",\"item\":\"https:\\\/\\\/bioperfectus.com.br\\\/tienda\\\/?lang=es\"},{\"@type\":\"ListItem\",\"position\":3,\"name\":\"Kit de PCR en Tiempo Real para Mycoplasma Pneumoniae\"}]},{\"@type\":\"WebSite\",\"@id\":\"https:\\\/\\\/bioperfectus.com.br\\\/es\\\/#website\",\"url\":\"https:\\\/\\\/bioperfectus.com.br\\\/es\\\/\",\"name\":\"Bioperfectus Brasil\",\"description\":\"Unimos ci\u00eancia molecular, tecnologia de ponta e cuidado humano para oferecer diagn\u00f3sticos precisos, seguros e confi\u00e1veis.\",\"publisher\":{\"@id\":\"https:\\\/\\\/bioperfectus.com.br\\\/es\\\/#organization\"},\"potentialAction\":[{\"@type\":\"SearchAction\",\"target\":{\"@type\":\"EntryPoint\",\"urlTemplate\":\"https:\\\/\\\/bioperfectus.com.br\\\/es\\\/?s={search_term_string}\"},\"query-input\":{\"@type\":\"PropertyValueSpecification\",\"valueRequired\":true,\"valueName\":\"search_term_string\"}}],\"inLanguage\":\"es\"},{\"@type\":\"Organization\",\"@id\":\"https:\\\/\\\/bioperfectus.com.br\\\/es\\\/#organization\",\"name\":\"Bioperfectus Brasil\",\"url\":\"https:\\\/\\\/bioperfectus.com.br\\\/es\\\/\",\"logo\":{\"@type\":\"ImageObject\",\"inLanguage\":\"es\",\"@id\":\"https:\\\/\\\/bioperfectus.com.br\\\/es\\\/#\\\/schema\\\/logo\\\/image\\\/\",\"url\":\"https:\\\/\\\/bioperfectus.com.br\\\/wp-content\\\/uploads\\\/2025\\\/10\\\/bp-logo-color.webp\",\"contentUrl\":\"https:\\\/\\\/bioperfectus.com.br\\\/wp-content\\\/uploads\\\/2025\\\/10\\\/bp-logo-color.webp\",\"width\":995,\"height\":251,\"caption\":\"Bioperfectus Brasil\"},\"image\":{\"@id\":\"https:\\\/\\\/bioperfectus.com.br\\\/es\\\/#\\\/schema\\\/logo\\\/image\\\/\"}}]}<\/script>\n<!-- \/ Yoast SEO plugin. -->","yoast_head_json":{"title":"Kit de PCR en Tiempo Real para Mycoplasma Pneumoniae - Bioperfectus Brasil","robots":{"index":"index","follow":"follow","max-snippet":"max-snippet:-1","max-image-preview":"max-image-preview:large","max-video-preview":"max-video-preview:-1"},"canonical":"https:\/\/bioperfectus.com.br\/es\/product\/kit-de-pcr-en-tiempo-real-para-mycoplasma-pneumoniae\/","og_locale":"es_ES","og_type":"article","og_title":"Kit de PCR en Tiempo Real para Mycoplasma Pneumoniae - Bioperfectus Brasil","og_description":"El Mycoplasma pneumoniae es el pat\u00f3geno causante de la neumon\u00eda por Mycoplasma. El inicio de la infecci\u00f3n suele ser lento, presentando s\u00edntomas como anorexia, n\u00e1useas, v\u00f3mitos, dolor de garganta, dolor de cabeza, fiebre y dolores musculares.","og_url":"https:\/\/bioperfectus.com.br\/es\/product\/kit-de-pcr-en-tiempo-real-para-mycoplasma-pneumoniae\/","og_site_name":"Bioperfectus Brasil","og_image":[{"width":1200,"height":900,"url":"https:\/\/bioperfectus.com.br\/wp-content\/uploads\/2025\/12\/Product_1678681363.png","type":"image\/png"}],"twitter_card":"summary_large_image","schema":{"@context":"https:\/\/schema.org","@graph":[{"@type":"WebPage","@id":"https:\/\/bioperfectus.com.br\/es\/product\/kit-de-pcr-en-tiempo-real-para-mycoplasma-pneumoniae\/","url":"https:\/\/bioperfectus.com.br\/es\/product\/kit-de-pcr-en-tiempo-real-para-mycoplasma-pneumoniae\/","name":"Kit de PCR en Tiempo Real para Mycoplasma Pneumoniae - Bioperfectus Brasil","isPartOf":{"@id":"https:\/\/bioperfectus.com.br\/es\/#website"},"primaryImageOfPage":{"@id":"https:\/\/bioperfectus.com.br\/es\/product\/kit-de-pcr-en-tiempo-real-para-mycoplasma-pneumoniae\/#primaryimage"},"image":{"@id":"https:\/\/bioperfectus.com.br\/es\/product\/kit-de-pcr-en-tiempo-real-para-mycoplasma-pneumoniae\/#primaryimage"},"thumbnailUrl":"https:\/\/bioperfectus.com.br\/wp-content\/uploads\/2025\/12\/Product_1678681363.png","datePublished":"2025-12-10T14:52:57+00:00","breadcrumb":{"@id":"https:\/\/bioperfectus.com.br\/es\/product\/kit-de-pcr-en-tiempo-real-para-mycoplasma-pneumoniae\/#breadcrumb"},"inLanguage":"es","potentialAction":[{"@type":"ReadAction","target":["https:\/\/bioperfectus.com.br\/es\/product\/kit-de-pcr-en-tiempo-real-para-mycoplasma-pneumoniae\/"]}]},{"@type":"ImageObject","inLanguage":"es","@id":"https:\/\/bioperfectus.com.br\/es\/product\/kit-de-pcr-en-tiempo-real-para-mycoplasma-pneumoniae\/#primaryimage","url":"https:\/\/bioperfectus.com.br\/wp-content\/uploads\/2025\/12\/Product_1678681363.png","contentUrl":"https:\/\/bioperfectus.com.br\/wp-content\/uploads\/2025\/12\/Product_1678681363.png","width":1200,"height":900},{"@type":"BreadcrumbList","@id":"https:\/\/bioperfectus.com.br\/es\/product\/kit-de-pcr-en-tiempo-real-para-mycoplasma-pneumoniae\/#breadcrumb","itemListElement":[{"@type":"ListItem","position":1,"name":"Home","item":"https:\/\/bioperfectus.com.br\/es\/pagina-de-inicio\/?lang=es"},{"@type":"ListItem","position":2,"name":"Tienda","item":"https:\/\/bioperfectus.com.br\/tienda\/?lang=es"},{"@type":"ListItem","position":3,"name":"Kit de PCR en Tiempo Real para Mycoplasma Pneumoniae"}]},{"@type":"WebSite","@id":"https:\/\/bioperfectus.com.br\/es\/#website","url":"https:\/\/bioperfectus.com.br\/es\/","name":"Bioperfectus Brasil","description":"Unimos ci\u00eancia molecular, tecnologia de ponta e cuidado humano para oferecer diagn\u00f3sticos precisos, seguros e confi\u00e1veis.","publisher":{"@id":"https:\/\/bioperfectus.com.br\/es\/#organization"},"potentialAction":[{"@type":"SearchAction","target":{"@type":"EntryPoint","urlTemplate":"https:\/\/bioperfectus.com.br\/es\/?s={search_term_string}"},"query-input":{"@type":"PropertyValueSpecification","valueRequired":true,"valueName":"search_term_string"}}],"inLanguage":"es"},{"@type":"Organization","@id":"https:\/\/bioperfectus.com.br\/es\/#organization","name":"Bioperfectus Brasil","url":"https:\/\/bioperfectus.com.br\/es\/","logo":{"@type":"ImageObject","inLanguage":"es","@id":"https:\/\/bioperfectus.com.br\/es\/#\/schema\/logo\/image\/","url":"https:\/\/bioperfectus.com.br\/wp-content\/uploads\/2025\/10\/bp-logo-color.webp","contentUrl":"https:\/\/bioperfectus.com.br\/wp-content\/uploads\/2025\/10\/bp-logo-color.webp","width":995,"height":251,"caption":"Bioperfectus Brasil"},"image":{"@id":"https:\/\/bioperfectus.com.br\/es\/#\/schema\/logo\/image\/"}}]}},"_links":{"self":[{"href":"https:\/\/bioperfectus.com.br\/es\/wp-json\/wp\/v2\/product\/2377","targetHints":{"allow":["GET"]}}],"collection":[{"href":"https:\/\/bioperfectus.com.br\/es\/wp-json\/wp\/v2\/product"}],"about":[{"href":"https:\/\/bioperfectus.com.br\/es\/wp-json\/wp\/v2\/types\/product"}],"wp:featuredmedia":[{"embeddable":true,"href":"https:\/\/bioperfectus.com.br\/es\/wp-json\/wp\/v2\/media\/529"}],"wp:attachment":[{"href":"https:\/\/bioperfectus.com.br\/es\/wp-json\/wp\/v2\/media?parent=2377"}],"wp:term":[{"taxonomy":"product_brand","embeddable":true,"href":"https:\/\/bioperfectus.com.br\/es\/wp-json\/wp\/v2\/product_brand?post=2377"},{"taxonomy":"product_cat","embeddable":true,"href":"https:\/\/bioperfectus.com.br\/es\/wp-json\/wp\/v2\/product_cat?post=2377"},{"taxonomy":"product_tag","embeddable":true,"href":"https:\/\/bioperfectus.com.br\/es\/wp-json\/wp\/v2\/product_tag?post=2377"}],"curies":[{"name":"wp","href":"https:\/\/api.w.org\/{rel}","templated":true}]}}