{"id":1942,"date":"2025-12-15T12:45:34","date_gmt":"2025-12-15T12:45:34","guid":{"rendered":"https:\/\/bioperfectus.com.br\/product\/sistema-de-extraccion-de-acidos-nucleicos-smpe-960\/"},"modified":"2025-12-15T12:45:34","modified_gmt":"2025-12-15T12:45:34","slug":"sistema-de-extraccion-de-acidos-nucleicos-smpe-960","status":"publish","type":"product","link":"https:\/\/bioperfectus.com.br\/es\/product\/sistema-de-extraccion-de-acidos-nucleicos-smpe-960\/","title":{"rendered":"Sistema de Extracci\u00f3n de \u00c1cidos Nucleicos SMPE-960"},"content":{"rendered":"","protected":false},"excerpt":{"rendered":"<p data-start=\"200\" data-end=\"344\">El sistema de extracci\u00f3n de \u00e1cidos nucleicos (en lo sucesivo, \u00absistema de extracci\u00f3n\u00bb), producido por Jiangsu Bioperfectus Technologies Co., Ltd. (en lo sucesivo, \u00abBioperfectus\u00bb), es un dispositivo m\u00e9dico para diagn\u00f3stico in vitro que integra tecnolog\u00edas avanzadas de mec\u00e1nica, electr\u00f3nica y software, permitiendo la extracci\u00f3n automatizada de \u00e1cidos nucleicos a partir de muestras.<\/p>\n","protected":false},"featured_media":831,"template":"","meta":{"_acf_changed":false},"product_brand":[],"product_cat":[101,135],"product_tag":[],"class_list":{"0":"post-1942","1":"product","2":"type-product","3":"status-publish","4":"has-post-thumbnail","6":"product_cat-equipos","7":"product_cat-extraccion-de-acidos-nucleicos","9":"first","10":"instock","11":"shipping-taxable","12":"purchasable","13":"product-type-simple"},"acf":[],"yoast_head":"<!-- This site is optimized with the Yoast SEO plugin v27.4 - https:\/\/yoast.com\/product\/yoast-seo-wordpress\/ -->\n<title>Sistema de Extracci\u00f3n de \u00c1cidos Nucleicos SMPE-960 - Bioperfectus Brasil<\/title>\n<meta name=\"robots\" content=\"index, follow, max-snippet:-1, max-image-preview:large, max-video-preview:-1\" \/>\n<link rel=\"canonical\" href=\"https:\/\/bioperfectus.com.br\/es\/product\/sistema-de-extraccion-de-acidos-nucleicos-smpe-960\/\" \/>\n<meta property=\"og:locale\" content=\"es_ES\" \/>\n<meta property=\"og:type\" content=\"article\" \/>\n<meta property=\"og:title\" content=\"Sistema de Extracci\u00f3n de \u00c1cidos Nucleicos SMPE-960 - Bioperfectus Brasil\" \/>\n<meta property=\"og:description\" content=\"El sistema de extracci\u00f3n de \u00e1cidos nucleicos (en lo sucesivo, &quot;sistema de extracci\u00f3n&quot;), producido por Jiangsu Bioperfectus Technologies Co., Ltd. (en lo sucesivo, &quot;Bioperfectus&quot;), es un dispositivo m\u00e9dico para diagn\u00f3stico in vitro que integra tecnolog\u00edas avanzadas de mec\u00e1nica, electr\u00f3nica y software, permitiendo la extracci\u00f3n automatizada de \u00e1cidos nucleicos a partir de muestras.\" \/>\n<meta property=\"og:url\" content=\"https:\/\/bioperfectus.com.br\/es\/product\/sistema-de-extraccion-de-acidos-nucleicos-smpe-960\/\" \/>\n<meta property=\"og:site_name\" content=\"Bioperfectus Brasil\" \/>\n<meta property=\"og:image\" content=\"https:\/\/bioperfectus.com.br\/wp-content\/uploads\/2025\/12\/Product_100058.png\" \/>\n\t<meta property=\"og:image:width\" content=\"1200\" \/>\n\t<meta property=\"og:image:height\" content=\"900\" \/>\n\t<meta property=\"og:image:type\" content=\"image\/png\" \/>\n<meta name=\"twitter:card\" content=\"summary_large_image\" \/>\n<script type=\"application\/ld+json\" class=\"yoast-schema-graph\">{\"@context\":\"https:\\\/\\\/schema.org\",\"@graph\":[{\"@type\":\"WebPage\",\"@id\":\"https:\\\/\\\/bioperfectus.com.br\\\/es\\\/product\\\/sistema-de-extraccion-de-acidos-nucleicos-smpe-960\\\/\",\"url\":\"https:\\\/\\\/bioperfectus.com.br\\\/es\\\/product\\\/sistema-de-extraccion-de-acidos-nucleicos-smpe-960\\\/\",\"name\":\"Sistema de Extracci\u00f3n de \u00c1cidos Nucleicos SMPE-960 - Bioperfectus Brasil\",\"isPartOf\":{\"@id\":\"https:\\\/\\\/bioperfectus.com.br\\\/es\\\/#website\"},\"primaryImageOfPage\":{\"@id\":\"https:\\\/\\\/bioperfectus.com.br\\\/es\\\/product\\\/sistema-de-extraccion-de-acidos-nucleicos-smpe-960\\\/#primaryimage\"},\"image\":{\"@id\":\"https:\\\/\\\/bioperfectus.com.br\\\/es\\\/product\\\/sistema-de-extraccion-de-acidos-nucleicos-smpe-960\\\/#primaryimage\"},\"thumbnailUrl\":\"https:\\\/\\\/bioperfectus.com.br\\\/wp-content\\\/uploads\\\/2025\\\/12\\\/Product_100058.png\",\"datePublished\":\"2025-12-15T12:45:34+00:00\",\"breadcrumb\":{\"@id\":\"https:\\\/\\\/bioperfectus.com.br\\\/es\\\/product\\\/sistema-de-extraccion-de-acidos-nucleicos-smpe-960\\\/#breadcrumb\"},\"inLanguage\":\"es\",\"potentialAction\":[{\"@type\":\"ReadAction\",\"target\":[\"https:\\\/\\\/bioperfectus.com.br\\\/es\\\/product\\\/sistema-de-extraccion-de-acidos-nucleicos-smpe-960\\\/\"]}]},{\"@type\":\"ImageObject\",\"inLanguage\":\"es\",\"@id\":\"https:\\\/\\\/bioperfectus.com.br\\\/es\\\/product\\\/sistema-de-extraccion-de-acidos-nucleicos-smpe-960\\\/#primaryimage\",\"url\":\"https:\\\/\\\/bioperfectus.com.br\\\/wp-content\\\/uploads\\\/2025\\\/12\\\/Product_100058.png\",\"contentUrl\":\"https:\\\/\\\/bioperfectus.com.br\\\/wp-content\\\/uploads\\\/2025\\\/12\\\/Product_100058.png\",\"width\":1200,\"height\":900},{\"@type\":\"BreadcrumbList\",\"@id\":\"https:\\\/\\\/bioperfectus.com.br\\\/es\\\/product\\\/sistema-de-extraccion-de-acidos-nucleicos-smpe-960\\\/#breadcrumb\",\"itemListElement\":[{\"@type\":\"ListItem\",\"position\":1,\"name\":\"Home\",\"item\":\"https:\\\/\\\/bioperfectus.com.br\\\/es\\\/pagina-de-inicio\\\/?lang=es\"},{\"@type\":\"ListItem\",\"position\":2,\"name\":\"Tienda\",\"item\":\"https:\\\/\\\/bioperfectus.com.br\\\/tienda\\\/?lang=es\"},{\"@type\":\"ListItem\",\"position\":3,\"name\":\"Sistema de Extracci\u00f3n de \u00c1cidos Nucleicos SMPE-960\"}]},{\"@type\":\"WebSite\",\"@id\":\"https:\\\/\\\/bioperfectus.com.br\\\/es\\\/#website\",\"url\":\"https:\\\/\\\/bioperfectus.com.br\\\/es\\\/\",\"name\":\"Bioperfectus Brasil\",\"description\":\"Unimos ci\u00eancia molecular, tecnologia de ponta e cuidado humano para oferecer diagn\u00f3sticos precisos, seguros e confi\u00e1veis.\",\"publisher\":{\"@id\":\"https:\\\/\\\/bioperfectus.com.br\\\/es\\\/#organization\"},\"potentialAction\":[{\"@type\":\"SearchAction\",\"target\":{\"@type\":\"EntryPoint\",\"urlTemplate\":\"https:\\\/\\\/bioperfectus.com.br\\\/es\\\/?s={search_term_string}\"},\"query-input\":{\"@type\":\"PropertyValueSpecification\",\"valueRequired\":true,\"valueName\":\"search_term_string\"}}],\"inLanguage\":\"es\"},{\"@type\":\"Organization\",\"@id\":\"https:\\\/\\\/bioperfectus.com.br\\\/es\\\/#organization\",\"name\":\"Bioperfectus Brasil\",\"url\":\"https:\\\/\\\/bioperfectus.com.br\\\/es\\\/\",\"logo\":{\"@type\":\"ImageObject\",\"inLanguage\":\"es\",\"@id\":\"https:\\\/\\\/bioperfectus.com.br\\\/es\\\/#\\\/schema\\\/logo\\\/image\\\/\",\"url\":\"https:\\\/\\\/bioperfectus.com.br\\\/wp-content\\\/uploads\\\/2025\\\/10\\\/bp-logo-color.webp\",\"contentUrl\":\"https:\\\/\\\/bioperfectus.com.br\\\/wp-content\\\/uploads\\\/2025\\\/10\\\/bp-logo-color.webp\",\"width\":995,\"height\":251,\"caption\":\"Bioperfectus Brasil\"},\"image\":{\"@id\":\"https:\\\/\\\/bioperfectus.com.br\\\/es\\\/#\\\/schema\\\/logo\\\/image\\\/\"}}]}<\/script>\n<!-- \/ Yoast SEO plugin. -->","yoast_head_json":{"title":"Sistema de Extracci\u00f3n de \u00c1cidos Nucleicos SMPE-960 - Bioperfectus Brasil","robots":{"index":"index","follow":"follow","max-snippet":"max-snippet:-1","max-image-preview":"max-image-preview:large","max-video-preview":"max-video-preview:-1"},"canonical":"https:\/\/bioperfectus.com.br\/es\/product\/sistema-de-extraccion-de-acidos-nucleicos-smpe-960\/","og_locale":"es_ES","og_type":"article","og_title":"Sistema de Extracci\u00f3n de \u00c1cidos Nucleicos SMPE-960 - Bioperfectus Brasil","og_description":"El sistema de extracci\u00f3n de \u00e1cidos nucleicos (en lo sucesivo, \"sistema de extracci\u00f3n\"), producido por Jiangsu Bioperfectus Technologies Co., Ltd. (en lo sucesivo, \"Bioperfectus\"), es un dispositivo m\u00e9dico para diagn\u00f3stico in vitro que integra tecnolog\u00edas avanzadas de mec\u00e1nica, electr\u00f3nica y software, permitiendo la extracci\u00f3n automatizada de \u00e1cidos nucleicos a partir de muestras.","og_url":"https:\/\/bioperfectus.com.br\/es\/product\/sistema-de-extraccion-de-acidos-nucleicos-smpe-960\/","og_site_name":"Bioperfectus Brasil","og_image":[{"width":1200,"height":900,"url":"https:\/\/bioperfectus.com.br\/wp-content\/uploads\/2025\/12\/Product_100058.png","type":"image\/png"}],"twitter_card":"summary_large_image","schema":{"@context":"https:\/\/schema.org","@graph":[{"@type":"WebPage","@id":"https:\/\/bioperfectus.com.br\/es\/product\/sistema-de-extraccion-de-acidos-nucleicos-smpe-960\/","url":"https:\/\/bioperfectus.com.br\/es\/product\/sistema-de-extraccion-de-acidos-nucleicos-smpe-960\/","name":"Sistema de Extracci\u00f3n de \u00c1cidos Nucleicos SMPE-960 - Bioperfectus Brasil","isPartOf":{"@id":"https:\/\/bioperfectus.com.br\/es\/#website"},"primaryImageOfPage":{"@id":"https:\/\/bioperfectus.com.br\/es\/product\/sistema-de-extraccion-de-acidos-nucleicos-smpe-960\/#primaryimage"},"image":{"@id":"https:\/\/bioperfectus.com.br\/es\/product\/sistema-de-extraccion-de-acidos-nucleicos-smpe-960\/#primaryimage"},"thumbnailUrl":"https:\/\/bioperfectus.com.br\/wp-content\/uploads\/2025\/12\/Product_100058.png","datePublished":"2025-12-15T12:45:34+00:00","breadcrumb":{"@id":"https:\/\/bioperfectus.com.br\/es\/product\/sistema-de-extraccion-de-acidos-nucleicos-smpe-960\/#breadcrumb"},"inLanguage":"es","potentialAction":[{"@type":"ReadAction","target":["https:\/\/bioperfectus.com.br\/es\/product\/sistema-de-extraccion-de-acidos-nucleicos-smpe-960\/"]}]},{"@type":"ImageObject","inLanguage":"es","@id":"https:\/\/bioperfectus.com.br\/es\/product\/sistema-de-extraccion-de-acidos-nucleicos-smpe-960\/#primaryimage","url":"https:\/\/bioperfectus.com.br\/wp-content\/uploads\/2025\/12\/Product_100058.png","contentUrl":"https:\/\/bioperfectus.com.br\/wp-content\/uploads\/2025\/12\/Product_100058.png","width":1200,"height":900},{"@type":"BreadcrumbList","@id":"https:\/\/bioperfectus.com.br\/es\/product\/sistema-de-extraccion-de-acidos-nucleicos-smpe-960\/#breadcrumb","itemListElement":[{"@type":"ListItem","position":1,"name":"Home","item":"https:\/\/bioperfectus.com.br\/es\/pagina-de-inicio\/?lang=es"},{"@type":"ListItem","position":2,"name":"Tienda","item":"https:\/\/bioperfectus.com.br\/tienda\/?lang=es"},{"@type":"ListItem","position":3,"name":"Sistema de Extracci\u00f3n de \u00c1cidos Nucleicos SMPE-960"}]},{"@type":"WebSite","@id":"https:\/\/bioperfectus.com.br\/es\/#website","url":"https:\/\/bioperfectus.com.br\/es\/","name":"Bioperfectus Brasil","description":"Unimos ci\u00eancia molecular, tecnologia de ponta e cuidado humano para oferecer diagn\u00f3sticos precisos, seguros e confi\u00e1veis.","publisher":{"@id":"https:\/\/bioperfectus.com.br\/es\/#organization"},"potentialAction":[{"@type":"SearchAction","target":{"@type":"EntryPoint","urlTemplate":"https:\/\/bioperfectus.com.br\/es\/?s={search_term_string}"},"query-input":{"@type":"PropertyValueSpecification","valueRequired":true,"valueName":"search_term_string"}}],"inLanguage":"es"},{"@type":"Organization","@id":"https:\/\/bioperfectus.com.br\/es\/#organization","name":"Bioperfectus Brasil","url":"https:\/\/bioperfectus.com.br\/es\/","logo":{"@type":"ImageObject","inLanguage":"es","@id":"https:\/\/bioperfectus.com.br\/es\/#\/schema\/logo\/image\/","url":"https:\/\/bioperfectus.com.br\/wp-content\/uploads\/2025\/10\/bp-logo-color.webp","contentUrl":"https:\/\/bioperfectus.com.br\/wp-content\/uploads\/2025\/10\/bp-logo-color.webp","width":995,"height":251,"caption":"Bioperfectus Brasil"},"image":{"@id":"https:\/\/bioperfectus.com.br\/es\/#\/schema\/logo\/image\/"}}]}},"_links":{"self":[{"href":"https:\/\/bioperfectus.com.br\/es\/wp-json\/wp\/v2\/product\/1942","targetHints":{"allow":["GET"]}}],"collection":[{"href":"https:\/\/bioperfectus.com.br\/es\/wp-json\/wp\/v2\/product"}],"about":[{"href":"https:\/\/bioperfectus.com.br\/es\/wp-json\/wp\/v2\/types\/product"}],"wp:featuredmedia":[{"embeddable":true,"href":"https:\/\/bioperfectus.com.br\/es\/wp-json\/wp\/v2\/media\/831"}],"wp:attachment":[{"href":"https:\/\/bioperfectus.com.br\/es\/wp-json\/wp\/v2\/media?parent=1942"}],"wp:term":[{"taxonomy":"product_brand","embeddable":true,"href":"https:\/\/bioperfectus.com.br\/es\/wp-json\/wp\/v2\/product_brand?post=1942"},{"taxonomy":"product_cat","embeddable":true,"href":"https:\/\/bioperfectus.com.br\/es\/wp-json\/wp\/v2\/product_cat?post=1942"},{"taxonomy":"product_tag","embeddable":true,"href":"https:\/\/bioperfectus.com.br\/es\/wp-json\/wp\/v2\/product_tag?post=1942"}],"curies":[{"name":"wp","href":"https:\/\/api.w.org\/{rel}","templated":true}]}}