{"id":1902,"date":"2025-12-15T13:20:28","date_gmt":"2025-12-15T13:20:28","guid":{"rendered":"https:\/\/bioperfectus.com.br\/product\/kit-rapido-de-extraccion-y-purificacion-de-acidos-nucleicos-96t-metodo-de-esferas-magneticas\/"},"modified":"2025-12-15T13:20:28","modified_gmt":"2025-12-15T13:20:28","slug":"kit-rapido-de-extraccion-y-purificacion-de-acidos-nucleicos-96t-metodo-de-esferas-magneticas","status":"publish","type":"product","link":"https:\/\/bioperfectus.com.br\/es\/product\/kit-rapido-de-extraccion-y-purificacion-de-acidos-nucleicos-96t-metodo-de-esferas-magneticas\/","title":{"rendered":"Kit R\u00e1pido de Extracci\u00f3n y Purificaci\u00f3n de \u00c1cidos Nucleicos 96T (M\u00e9todo de Esferas Magn\u00e9ticas)"},"content":{"rendered":"","protected":false},"excerpt":{"rendered":"<p data-start=\"200\" data-end=\"344\">Este kit se utiliza para la extracci\u00f3n y purificaci\u00f3n de \u00e1cidos nucleicos virales (ADN y ARN) a partir de muestras como hisopado nasofar\u00edngeo, hisopado orofar\u00edngeo, hisopado nasal, suero, plasma, orina, hisopado cervical, hisopado uretral, entre otras. Los \u00e1cidos nucleicos purificados pueden utilizarse en experimentos de biolog\u00eda molecular downstream, incluyendo pruebas de diagn\u00f3stico in vitro. <\/p>\n","protected":false},"featured_media":852,"template":"","meta":{"_acf_changed":false},"product_brand":[],"product_cat":[101,135],"product_tag":[],"class_list":{"0":"post-1902","1":"product","2":"type-product","3":"status-publish","4":"has-post-thumbnail","6":"product_cat-equipos","7":"product_cat-extraccion-de-acidos-nucleicos","9":"first","10":"instock","11":"shipping-taxable","12":"purchasable","13":"product-type-simple"},"acf":[],"yoast_head":"<!-- This site is optimized with the Yoast SEO plugin v27.4 - https:\/\/yoast.com\/product\/yoast-seo-wordpress\/ -->\n<title>Kit R\u00e1pido de Extracci\u00f3n y Purificaci\u00f3n de \u00c1cidos Nucleicos 96T (M\u00e9todo de Esferas Magn\u00e9ticas) - Bioperfectus Brasil<\/title>\n<meta name=\"robots\" content=\"index, follow, max-snippet:-1, max-image-preview:large, max-video-preview:-1\" \/>\n<link rel=\"canonical\" href=\"https:\/\/bioperfectus.com.br\/es\/product\/kit-rapido-de-extraccion-y-purificacion-de-acidos-nucleicos-96t-metodo-de-esferas-magneticas\/\" \/>\n<meta property=\"og:locale\" content=\"es_ES\" \/>\n<meta property=\"og:type\" content=\"article\" \/>\n<meta property=\"og:title\" content=\"Kit R\u00e1pido de Extracci\u00f3n y Purificaci\u00f3n de \u00c1cidos Nucleicos 96T (M\u00e9todo de Esferas Magn\u00e9ticas) - Bioperfectus Brasil\" \/>\n<meta property=\"og:description\" content=\"Este kit se utiliza para la extracci\u00f3n y purificaci\u00f3n de \u00e1cidos nucleicos virales (ADN y ARN) a partir de muestras como hisopado nasofar\u00edngeo, hisopado orofar\u00edngeo, hisopado nasal, suero, plasma, orina, hisopado cervical, hisopado uretral, entre otras. Los \u00e1cidos nucleicos purificados pueden utilizarse en experimentos de biolog\u00eda molecular downstream, incluyendo pruebas de diagn\u00f3stico in vitro.\" \/>\n<meta property=\"og:url\" content=\"https:\/\/bioperfectus.com.br\/es\/product\/kit-rapido-de-extraccion-y-purificacion-de-acidos-nucleicos-96t-metodo-de-esferas-magneticas\/\" \/>\n<meta property=\"og:site_name\" content=\"Bioperfectus Brasil\" \/>\n<meta property=\"og:image\" content=\"https:\/\/bioperfectus.com.br\/wp-content\/uploads\/2025\/12\/Product_1681957290.png\" \/>\n\t<meta property=\"og:image:width\" content=\"1200\" \/>\n\t<meta property=\"og:image:height\" content=\"900\" \/>\n\t<meta property=\"og:image:type\" content=\"image\/png\" \/>\n<meta name=\"twitter:card\" content=\"summary_large_image\" \/>\n<script type=\"application\/ld+json\" class=\"yoast-schema-graph\">{\"@context\":\"https:\\\/\\\/schema.org\",\"@graph\":[{\"@type\":\"WebPage\",\"@id\":\"https:\\\/\\\/bioperfectus.com.br\\\/es\\\/product\\\/kit-rapido-de-extraccion-y-purificacion-de-acidos-nucleicos-96t-metodo-de-esferas-magneticas\\\/\",\"url\":\"https:\\\/\\\/bioperfectus.com.br\\\/es\\\/product\\\/kit-rapido-de-extraccion-y-purificacion-de-acidos-nucleicos-96t-metodo-de-esferas-magneticas\\\/\",\"name\":\"Kit R\u00e1pido de Extracci\u00f3n y Purificaci\u00f3n de \u00c1cidos Nucleicos 96T (M\u00e9todo de Esferas Magn\u00e9ticas) - Bioperfectus Brasil\",\"isPartOf\":{\"@id\":\"https:\\\/\\\/bioperfectus.com.br\\\/es\\\/#website\"},\"primaryImageOfPage\":{\"@id\":\"https:\\\/\\\/bioperfectus.com.br\\\/es\\\/product\\\/kit-rapido-de-extraccion-y-purificacion-de-acidos-nucleicos-96t-metodo-de-esferas-magneticas\\\/#primaryimage\"},\"image\":{\"@id\":\"https:\\\/\\\/bioperfectus.com.br\\\/es\\\/product\\\/kit-rapido-de-extraccion-y-purificacion-de-acidos-nucleicos-96t-metodo-de-esferas-magneticas\\\/#primaryimage\"},\"thumbnailUrl\":\"https:\\\/\\\/bioperfectus.com.br\\\/wp-content\\\/uploads\\\/2025\\\/12\\\/Product_1681957290.png\",\"datePublished\":\"2025-12-15T13:20:28+00:00\",\"breadcrumb\":{\"@id\":\"https:\\\/\\\/bioperfectus.com.br\\\/es\\\/product\\\/kit-rapido-de-extraccion-y-purificacion-de-acidos-nucleicos-96t-metodo-de-esferas-magneticas\\\/#breadcrumb\"},\"inLanguage\":\"es\",\"potentialAction\":[{\"@type\":\"ReadAction\",\"target\":[\"https:\\\/\\\/bioperfectus.com.br\\\/es\\\/product\\\/kit-rapido-de-extraccion-y-purificacion-de-acidos-nucleicos-96t-metodo-de-esferas-magneticas\\\/\"]}]},{\"@type\":\"ImageObject\",\"inLanguage\":\"es\",\"@id\":\"https:\\\/\\\/bioperfectus.com.br\\\/es\\\/product\\\/kit-rapido-de-extraccion-y-purificacion-de-acidos-nucleicos-96t-metodo-de-esferas-magneticas\\\/#primaryimage\",\"url\":\"https:\\\/\\\/bioperfectus.com.br\\\/wp-content\\\/uploads\\\/2025\\\/12\\\/Product_1681957290.png\",\"contentUrl\":\"https:\\\/\\\/bioperfectus.com.br\\\/wp-content\\\/uploads\\\/2025\\\/12\\\/Product_1681957290.png\",\"width\":1200,\"height\":900},{\"@type\":\"BreadcrumbList\",\"@id\":\"https:\\\/\\\/bioperfectus.com.br\\\/es\\\/product\\\/kit-rapido-de-extraccion-y-purificacion-de-acidos-nucleicos-96t-metodo-de-esferas-magneticas\\\/#breadcrumb\",\"itemListElement\":[{\"@type\":\"ListItem\",\"position\":1,\"name\":\"Home\",\"item\":\"https:\\\/\\\/bioperfectus.com.br\\\/es\\\/pagina-de-inicio\\\/?lang=es\"},{\"@type\":\"ListItem\",\"position\":2,\"name\":\"Tienda\",\"item\":\"https:\\\/\\\/bioperfectus.com.br\\\/tienda\\\/?lang=es\"},{\"@type\":\"ListItem\",\"position\":3,\"name\":\"Kit R\u00e1pido de Extracci\u00f3n y Purificaci\u00f3n de \u00c1cidos Nucleicos 96T (M\u00e9todo de Esferas Magn\u00e9ticas)\"}]},{\"@type\":\"WebSite\",\"@id\":\"https:\\\/\\\/bioperfectus.com.br\\\/es\\\/#website\",\"url\":\"https:\\\/\\\/bioperfectus.com.br\\\/es\\\/\",\"name\":\"Bioperfectus Brasil\",\"description\":\"Unimos ci\u00eancia molecular, tecnologia de ponta e cuidado humano para oferecer diagn\u00f3sticos precisos, seguros e confi\u00e1veis.\",\"publisher\":{\"@id\":\"https:\\\/\\\/bioperfectus.com.br\\\/es\\\/#organization\"},\"potentialAction\":[{\"@type\":\"SearchAction\",\"target\":{\"@type\":\"EntryPoint\",\"urlTemplate\":\"https:\\\/\\\/bioperfectus.com.br\\\/es\\\/?s={search_term_string}\"},\"query-input\":{\"@type\":\"PropertyValueSpecification\",\"valueRequired\":true,\"valueName\":\"search_term_string\"}}],\"inLanguage\":\"es\"},{\"@type\":\"Organization\",\"@id\":\"https:\\\/\\\/bioperfectus.com.br\\\/es\\\/#organization\",\"name\":\"Bioperfectus Brasil\",\"url\":\"https:\\\/\\\/bioperfectus.com.br\\\/es\\\/\",\"logo\":{\"@type\":\"ImageObject\",\"inLanguage\":\"es\",\"@id\":\"https:\\\/\\\/bioperfectus.com.br\\\/es\\\/#\\\/schema\\\/logo\\\/image\\\/\",\"url\":\"https:\\\/\\\/bioperfectus.com.br\\\/wp-content\\\/uploads\\\/2025\\\/10\\\/bp-logo-color.webp\",\"contentUrl\":\"https:\\\/\\\/bioperfectus.com.br\\\/wp-content\\\/uploads\\\/2025\\\/10\\\/bp-logo-color.webp\",\"width\":995,\"height\":251,\"caption\":\"Bioperfectus Brasil\"},\"image\":{\"@id\":\"https:\\\/\\\/bioperfectus.com.br\\\/es\\\/#\\\/schema\\\/logo\\\/image\\\/\"}}]}<\/script>\n<!-- \/ Yoast SEO plugin. -->","yoast_head_json":{"title":"Kit R\u00e1pido de Extracci\u00f3n y Purificaci\u00f3n de \u00c1cidos Nucleicos 96T (M\u00e9todo de Esferas Magn\u00e9ticas) - Bioperfectus Brasil","robots":{"index":"index","follow":"follow","max-snippet":"max-snippet:-1","max-image-preview":"max-image-preview:large","max-video-preview":"max-video-preview:-1"},"canonical":"https:\/\/bioperfectus.com.br\/es\/product\/kit-rapido-de-extraccion-y-purificacion-de-acidos-nucleicos-96t-metodo-de-esferas-magneticas\/","og_locale":"es_ES","og_type":"article","og_title":"Kit R\u00e1pido de Extracci\u00f3n y Purificaci\u00f3n de \u00c1cidos Nucleicos 96T (M\u00e9todo de Esferas Magn\u00e9ticas) - Bioperfectus Brasil","og_description":"Este kit se utiliza para la extracci\u00f3n y purificaci\u00f3n de \u00e1cidos nucleicos virales (ADN y ARN) a partir de muestras como hisopado nasofar\u00edngeo, hisopado orofar\u00edngeo, hisopado nasal, suero, plasma, orina, hisopado cervical, hisopado uretral, entre otras. Los \u00e1cidos nucleicos purificados pueden utilizarse en experimentos de biolog\u00eda molecular downstream, incluyendo pruebas de diagn\u00f3stico in vitro.","og_url":"https:\/\/bioperfectus.com.br\/es\/product\/kit-rapido-de-extraccion-y-purificacion-de-acidos-nucleicos-96t-metodo-de-esferas-magneticas\/","og_site_name":"Bioperfectus Brasil","og_image":[{"width":1200,"height":900,"url":"https:\/\/bioperfectus.com.br\/wp-content\/uploads\/2025\/12\/Product_1681957290.png","type":"image\/png"}],"twitter_card":"summary_large_image","schema":{"@context":"https:\/\/schema.org","@graph":[{"@type":"WebPage","@id":"https:\/\/bioperfectus.com.br\/es\/product\/kit-rapido-de-extraccion-y-purificacion-de-acidos-nucleicos-96t-metodo-de-esferas-magneticas\/","url":"https:\/\/bioperfectus.com.br\/es\/product\/kit-rapido-de-extraccion-y-purificacion-de-acidos-nucleicos-96t-metodo-de-esferas-magneticas\/","name":"Kit R\u00e1pido de Extracci\u00f3n y Purificaci\u00f3n de \u00c1cidos Nucleicos 96T (M\u00e9todo de Esferas Magn\u00e9ticas) - Bioperfectus Brasil","isPartOf":{"@id":"https:\/\/bioperfectus.com.br\/es\/#website"},"primaryImageOfPage":{"@id":"https:\/\/bioperfectus.com.br\/es\/product\/kit-rapido-de-extraccion-y-purificacion-de-acidos-nucleicos-96t-metodo-de-esferas-magneticas\/#primaryimage"},"image":{"@id":"https:\/\/bioperfectus.com.br\/es\/product\/kit-rapido-de-extraccion-y-purificacion-de-acidos-nucleicos-96t-metodo-de-esferas-magneticas\/#primaryimage"},"thumbnailUrl":"https:\/\/bioperfectus.com.br\/wp-content\/uploads\/2025\/12\/Product_1681957290.png","datePublished":"2025-12-15T13:20:28+00:00","breadcrumb":{"@id":"https:\/\/bioperfectus.com.br\/es\/product\/kit-rapido-de-extraccion-y-purificacion-de-acidos-nucleicos-96t-metodo-de-esferas-magneticas\/#breadcrumb"},"inLanguage":"es","potentialAction":[{"@type":"ReadAction","target":["https:\/\/bioperfectus.com.br\/es\/product\/kit-rapido-de-extraccion-y-purificacion-de-acidos-nucleicos-96t-metodo-de-esferas-magneticas\/"]}]},{"@type":"ImageObject","inLanguage":"es","@id":"https:\/\/bioperfectus.com.br\/es\/product\/kit-rapido-de-extraccion-y-purificacion-de-acidos-nucleicos-96t-metodo-de-esferas-magneticas\/#primaryimage","url":"https:\/\/bioperfectus.com.br\/wp-content\/uploads\/2025\/12\/Product_1681957290.png","contentUrl":"https:\/\/bioperfectus.com.br\/wp-content\/uploads\/2025\/12\/Product_1681957290.png","width":1200,"height":900},{"@type":"BreadcrumbList","@id":"https:\/\/bioperfectus.com.br\/es\/product\/kit-rapido-de-extraccion-y-purificacion-de-acidos-nucleicos-96t-metodo-de-esferas-magneticas\/#breadcrumb","itemListElement":[{"@type":"ListItem","position":1,"name":"Home","item":"https:\/\/bioperfectus.com.br\/es\/pagina-de-inicio\/?lang=es"},{"@type":"ListItem","position":2,"name":"Tienda","item":"https:\/\/bioperfectus.com.br\/tienda\/?lang=es"},{"@type":"ListItem","position":3,"name":"Kit R\u00e1pido de Extracci\u00f3n y Purificaci\u00f3n de \u00c1cidos Nucleicos 96T (M\u00e9todo de Esferas Magn\u00e9ticas)"}]},{"@type":"WebSite","@id":"https:\/\/bioperfectus.com.br\/es\/#website","url":"https:\/\/bioperfectus.com.br\/es\/","name":"Bioperfectus Brasil","description":"Unimos ci\u00eancia molecular, tecnologia de ponta e cuidado humano para oferecer diagn\u00f3sticos precisos, seguros e confi\u00e1veis.","publisher":{"@id":"https:\/\/bioperfectus.com.br\/es\/#organization"},"potentialAction":[{"@type":"SearchAction","target":{"@type":"EntryPoint","urlTemplate":"https:\/\/bioperfectus.com.br\/es\/?s={search_term_string}"},"query-input":{"@type":"PropertyValueSpecification","valueRequired":true,"valueName":"search_term_string"}}],"inLanguage":"es"},{"@type":"Organization","@id":"https:\/\/bioperfectus.com.br\/es\/#organization","name":"Bioperfectus Brasil","url":"https:\/\/bioperfectus.com.br\/es\/","logo":{"@type":"ImageObject","inLanguage":"es","@id":"https:\/\/bioperfectus.com.br\/es\/#\/schema\/logo\/image\/","url":"https:\/\/bioperfectus.com.br\/wp-content\/uploads\/2025\/10\/bp-logo-color.webp","contentUrl":"https:\/\/bioperfectus.com.br\/wp-content\/uploads\/2025\/10\/bp-logo-color.webp","width":995,"height":251,"caption":"Bioperfectus Brasil"},"image":{"@id":"https:\/\/bioperfectus.com.br\/es\/#\/schema\/logo\/image\/"}}]}},"_links":{"self":[{"href":"https:\/\/bioperfectus.com.br\/es\/wp-json\/wp\/v2\/product\/1902","targetHints":{"allow":["GET"]}}],"collection":[{"href":"https:\/\/bioperfectus.com.br\/es\/wp-json\/wp\/v2\/product"}],"about":[{"href":"https:\/\/bioperfectus.com.br\/es\/wp-json\/wp\/v2\/types\/product"}],"wp:featuredmedia":[{"embeddable":true,"href":"https:\/\/bioperfectus.com.br\/es\/wp-json\/wp\/v2\/media\/852"}],"wp:attachment":[{"href":"https:\/\/bioperfectus.com.br\/es\/wp-json\/wp\/v2\/media?parent=1902"}],"wp:term":[{"taxonomy":"product_brand","embeddable":true,"href":"https:\/\/bioperfectus.com.br\/es\/wp-json\/wp\/v2\/product_brand?post=1902"},{"taxonomy":"product_cat","embeddable":true,"href":"https:\/\/bioperfectus.com.br\/es\/wp-json\/wp\/v2\/product_cat?post=1902"},{"taxonomy":"product_tag","embeddable":true,"href":"https:\/\/bioperfectus.com.br\/es\/wp-json\/wp\/v2\/product_tag?post=1902"}],"curies":[{"name":"wp","href":"https:\/\/api.w.org\/{rel}","templated":true}]}}