{"id":1517,"date":"2025-10-30T13:06:47","date_gmt":"2025-10-30T13:06:47","guid":{"rendered":"https:\/\/bioperfectus.com.br\/politica-de-privacidad\/"},"modified":"2026-03-30T22:53:24","modified_gmt":"2026-03-30T22:53:24","slug":"politica-de-privacidad","status":"publish","type":"page","link":"https:\/\/bioperfectus.com.br\/es\/politica-de-privacidad\/","title":{"rendered":"Pol\u00edtica de privacidad"},"content":{"rendered":"\t\t<div data-elementor-type=\"wp-page\" data-elementor-id=\"1517\" class=\"elementor elementor-1517 elementor-3\" data-elementor-post-type=\"page\">\n\t\t\t\t<div class=\"elementor-element elementor-element-50c653b2 e-flex e-con-boxed e-con e-parent\" data-id=\"50c653b2\" data-element_type=\"container\" data-e-type=\"container\">\n\t\t\t\t\t<div class=\"e-con-inner\">\n\t\t\t\t<div class=\"elementor-element elementor-element-10f953b4 elementor-widget elementor-widget-text-editor\" data-id=\"10f953b4\" data-element_type=\"widget\" data-e-type=\"widget\" data-widget_type=\"text-editor.default\">\n\t\t\t\t\t\t\t\t\t\n<h1 data-start=\"264\" data-end=\"304\">Pol\u00edtica de privacidad \u2013 Bioperfectus<\/h1>\n<p data-start=\"306\" data-end=\"642\">Bioperfectus valora la privacidad y la protecci\u00f3n de los datos personales de sus clientes, pacientes y dem\u00e1s usuarios. Esta Pol\u00edtica de privacidad explica c\u00f3mo recopilamos, utilizamos y protegemos sus datos, as\u00ed como los derechos que usted tiene sobre ellos, de conformidad con la <strong data-start=\"579\" data-end=\"641\">Ley General de Protecci\u00f3n de Datos (LGPD \u2013 Ley n.\u00ba 13.709\/2018)<\/strong>. <\/p>\n<h4 data-start=\"649\" data-end=\"673\"><strong>Qu\u00e9 datos recopilamos<\/strong><\/h4>\n<p data-start=\"675\" data-end=\"782\">Podemos recopilar diferentes tipos de datos, en funci\u00f3n de la relaci\u00f3n que usted mantenga con nosotros, incluidos:<\/p>\n<ul data-start=\"784\" data-end=\"957\">\n<li data-start=\"784\" data-end=\"841\">\n<p data-start=\"786\" data-end=\"841\">Datos de identificaci\u00f3n (nombre, CPF, correo electr\u00f3nico, tel\u00e9fono);<\/p>\n<\/li>\n<li data-start=\"842\" data-end=\"897\">\n<p data-start=\"844\" data-end=\"897\">Datos de salud relacionados con las pruebas solicitadas;<\/p>\n<\/li>\n<li data-start=\"898\" data-end=\"957\">\n<p data-start=\"900\" data-end=\"957\">Informaci\u00f3n de registro y comunicaci\u00f3n con Bioperfectus.<\/p>\n<\/li>\n<\/ul>\n<p data-start=\"959\" data-end=\"1155\">Tratamos datos sensibles, como informaci\u00f3n de salud, <strong data-start=\"1012\" data-end=\"1054\">solo cuando sea estrictamente necesario<\/strong> y con una base legal adecuada, incluido el consentimiento del titular o el cumplimiento de obligaciones legales.<\/p>\n<h4 data-start=\"1162\" data-end=\"1190\"><strong>C\u00f3mo utilizamos sus datos<\/strong><\/h4>\n<p data-start=\"1192\" data-end=\"1223\">Sus datos se utilizan para:<\/p>\n<ul data-start=\"1225\" data-end=\"1449\">\n<li data-start=\"1225\" data-end=\"1287\">\n<p data-start=\"1227\" data-end=\"1287\">Programaci\u00f3n, realizaci\u00f3n y entrega de resultados de pruebas;<\/p>\n<\/li>\n<li data-start=\"1288\" data-end=\"1334\">\n<p data-start=\"1290\" data-end=\"1334\">Comunicaci\u00f3n sobre servicios y actualizaciones;<\/p>\n<\/li>\n<li data-start=\"1335\" data-end=\"1388\">\n<p data-start=\"1337\" data-end=\"1388\">Cumplimiento de obligaciones legales o reglamentarias;<\/p>\n<\/li>\n<li data-start=\"1389\" data-end=\"1449\">\n<p data-start=\"1391\" data-end=\"1449\">Ejercicio de derechos y seguridad del titular o de terceros.<\/p>\n<\/li>\n<\/ul>\n<p data-start=\"1451\" data-end=\"1602\">El tratamiento se limita a lo necesario para alcanzar estas finalidades, respetando los principios de la LGPD, como <strong data-start=\"1561\" data-end=\"1601\">transparencia, seguridad y prevenci\u00f3n<\/strong>.<\/p>\n<h4 data-start=\"1609\" data-end=\"1653\"><strong>Intercambio y transferencia de datos<\/strong><\/h4>\n<p data-start=\"1655\" data-end=\"1695\">Sus datos pueden compartirse con:<\/p>\n<ul data-start=\"1697\" data-end=\"1903\">\n<li data-start=\"1697\" data-end=\"1776\">\n<p data-start=\"1699\" data-end=\"1776\">Laboratorios y proveedores de servicios contratados para la realizaci\u00f3n de pruebas;<\/p>\n<\/li>\n<li data-start=\"1777\" data-end=\"1828\">\n<p data-start=\"1779\" data-end=\"1828\">Autoridades legales, cuando sea obligatorio por ley;<\/p>\n<\/li>\n<li data-start=\"1829\" data-end=\"1903\">\n<p data-start=\"1831\" data-end=\"1903\">Empresas internacionales, siempre que existan garant\u00edas de protecci\u00f3n adecuadas.<\/p>\n<\/li>\n<\/ul>\n<p data-start=\"1905\" data-end=\"1997\">No vendemos ni transferimos sus datos personales con fines comerciales sin su consentimiento.<\/p>\n<h4 data-start=\"2004\" data-end=\"2020\"><strong>Sus derechos<\/strong><\/h4>\n<p data-start=\"2022\" data-end=\"2041\">Usted tiene derecho a:<\/p>\n<ul data-start=\"2043\" data-end=\"2381\">\n<li data-start=\"2043\" data-end=\"2091\">\n<p data-start=\"2045\" data-end=\"2091\">Saber si sus datos est\u00e1n siendo tratados;<\/p>\n<\/li>\n<li data-start=\"2092\" data-end=\"2138\">\n<p data-start=\"2094\" data-end=\"2138\">Acceder, corregir o actualizar sus datos;<\/p>\n<\/li>\n<li data-start=\"2139\" data-end=\"2207\">\n<p data-start=\"2141\" data-end=\"2207\">Solicitar la eliminaci\u00f3n de los datos cuando ya no sean necesarios;<\/p>\n<\/li>\n<li data-start=\"2208\" data-end=\"2263\">\n<p data-start=\"2210\" data-end=\"2263\">Restringir u oponerse al tratamiento de sus datos;<\/p>\n<\/li>\n<li data-start=\"2264\" data-end=\"2308\">\n<p data-start=\"2266\" data-end=\"2308\">Solicitar la portabilidad de sus datos;<\/p>\n<\/li>\n<li data-start=\"2309\" data-end=\"2381\">\n<p data-start=\"2311\" data-end=\"2381\">No ser sometido a decisiones automatizadas que afecten a sus derechos.<\/p>\n<\/li>\n<\/ul>\n<p data-start=\"2383\" data-end=\"2545\">Para ejercer sus derechos, p\u00f3ngase en contacto con nuestro <strong data-start=\"2438\" data-end=\"2466\">DPO\/Delegado de Protecci\u00f3n de Datos<\/strong> a trav\u00e9s del correo electr\u00f3nico: <strong data-start=\"2480\" data-end=\"2504\"><a class=\"decorated-link cursor-pointer\" rel=\"noopener\" data-start=\"2482\" data-end=\"2502\">sac@bioperfectus.com<\/a><\/strong>. Responderemos en un plazo de <strong data-start=\"2527\" data-end=\"2544\">15 d\u00edas h\u00e1biles<\/strong>. <\/p>\n<h4 data-start=\"2552\" data-end=\"2574\"><strong>Seguridad de los datos<\/strong><\/h4>\n<p data-start=\"2576\" data-end=\"2805\">Adoptamos medidas t\u00e9cnicas y organizativas para proteger sus datos frente al acceso no autorizado, la alteraci\u00f3n, la divulgaci\u00f3n o la destrucci\u00f3n. En caso de un incidente de seguridad que comprometa sus datos, se le informar\u00e1 con prontitud.<\/p>\n<h4 data-start=\"2812\" data-end=\"2840\"><strong>Cambios en esta Pol\u00edtica<\/strong><\/h4>\n<p data-start=\"2842\" data-end=\"3089\">Podemos actualizar esta Pol\u00edtica de privacidad peri\u00f3dicamente. Le recomendamos que la consulte de vez en cuando para mantenerse informado sobre c\u00f3mo se protegen sus datos. Todos los cambios tendr\u00e1n efecto inmediato tras su publicaci\u00f3n en el sitio web.<\/p>\n<h4 data-start=\"3096\" data-end=\"3106\"><strong>Contacto<\/strong><\/h4>\n<ul data-start=\"3108\" data-end=\"3208\">\n<li data-start=\"3108\" data-end=\"3162\">\n<p data-start=\"3110\" data-end=\"3162\"><strong data-start=\"3110\" data-end=\"3139\">DPO\/Delegado de Protecci\u00f3n de Datos:<\/strong> <a class=\"decorated-link cursor-pointer\" rel=\"noopener\" data-start=\"3140\" data-end=\"3160\">sac@bioperfectus.com<\/a><\/p>\n<\/li>\n<li data-start=\"3163\" data-end=\"3208\">\n<p data-start=\"3165\" data-end=\"3208\"><strong data-start=\"3165\" data-end=\"3181\">Responsable del tratamiento:<\/strong> <a class=\"decorated-link cursor-pointer\" rel=\"noopener\" data-start=\"3182\" data-end=\"3206\">contato@bioperfectus.com<\/a><\/p>\n<\/li>\n<\/ul>\t\t\t\t\t\t\t\t<\/div>\n\t\t\t\t\t<\/div>\n\t\t\t\t<\/div>\n\t\t\t\t<\/div>\n\t\t","protected":false},"excerpt":{"rendered":"<p>Pol\u00edtica de privacidad \u2013 Bioperfectus Bioperfectus valora la privacidad y la protecci\u00f3n de los datos personales de sus clientes, pacientes y dem\u00e1s usuarios. Esta Pol\u00edtica de privacidad explica c\u00f3mo recopilamos, utilizamos y protegemos sus datos, as\u00ed como los derechos que usted tiene sobre ellos, de conformidad con la Ley General de Protecci\u00f3n de Datos (LGPD [&hellip;]<\/p>\n","protected":false},"author":1,"featured_media":0,"parent":0,"menu_order":0,"comment_status":"closed","ping_status":"closed","template":"elementor_header_footer","meta":{"_acf_changed":false,"footnotes":""},"class_list":["post-1517","page","type-page","status-publish","hentry"],"acf":[],"yoast_head":"<!-- This site is optimized with the Yoast SEO plugin v27.4 - https:\/\/yoast.com\/product\/yoast-seo-wordpress\/ -->\n<title>- Bioperfectus Brasil<\/title>\n<meta name=\"robots\" content=\"index, follow, max-snippet:-1, max-image-preview:large, max-video-preview:-1\" \/>\n<link rel=\"canonical\" href=\"https:\/\/bioperfectus.com.br\/es\/politica-de-privacidad\/\" \/>\n<meta property=\"og:locale\" content=\"es_ES\" \/>\n<meta property=\"og:type\" content=\"article\" \/>\n<meta property=\"og:title\" content=\"- Bioperfectus Brasil\" \/>\n<meta property=\"og:description\" content=\"Pol\u00edtica de privacidad \u2013 Bioperfectus Bioperfectus valora la privacidad y la protecci\u00f3n de los datos personales de sus clientes, pacientes y dem\u00e1s usuarios. Esta Pol\u00edtica de privacidad explica c\u00f3mo recopilamos, utilizamos y protegemos sus datos, as\u00ed como los derechos que usted tiene sobre ellos, de conformidad con la Ley General de Protecci\u00f3n de Datos (LGPD [&hellip;]\" \/>\n<meta property=\"og:url\" content=\"https:\/\/bioperfectus.com.br\/es\/politica-de-privacidad\/\" \/>\n<meta property=\"og:site_name\" content=\"Bioperfectus Brasil\" \/>\n<meta property=\"article:modified_time\" content=\"2026-03-30T22:53:24+00:00\" \/>\n<meta name=\"twitter:card\" content=\"summary_large_image\" \/>\n<meta name=\"twitter:label1\" content=\"Tiempo de lectura\" \/>\n\t<meta name=\"twitter:data1\" content=\"2 minutos\" \/>\n<script type=\"application\/ld+json\" class=\"yoast-schema-graph\">{\"@context\":\"https:\\\/\\\/schema.org\",\"@graph\":[{\"@type\":\"WebPage\",\"@id\":\"https:\\\/\\\/bioperfectus.com.br\\\/es\\\/politica-de-privacidad\\\/\",\"url\":\"https:\\\/\\\/bioperfectus.com.br\\\/es\\\/politica-de-privacidad\\\/\",\"name\":\"- Bioperfectus Brasil\",\"isPartOf\":{\"@id\":\"https:\\\/\\\/bioperfectus.com.br\\\/es\\\/#website\"},\"datePublished\":\"2025-10-30T13:06:47+00:00\",\"dateModified\":\"2026-03-30T22:53:24+00:00\",\"breadcrumb\":{\"@id\":\"https:\\\/\\\/bioperfectus.com.br\\\/es\\\/politica-de-privacidad\\\/#breadcrumb\"},\"inLanguage\":\"es\",\"potentialAction\":[{\"@type\":\"ReadAction\",\"target\":[\"https:\\\/\\\/bioperfectus.com.br\\\/es\\\/politica-de-privacidad\\\/\"]}]},{\"@type\":\"BreadcrumbList\",\"@id\":\"https:\\\/\\\/bioperfectus.com.br\\\/es\\\/politica-de-privacidad\\\/#breadcrumb\",\"itemListElement\":[{\"@type\":\"ListItem\",\"position\":1,\"name\":\"Home\",\"item\":\"https:\\\/\\\/bioperfectus.com.br\\\/es\\\/pagina-de-inicio\\\/?lang=es\"},{\"@type\":\"ListItem\",\"position\":2,\"name\":\"Pol\u00edtica de privacidad\"}]},{\"@type\":\"WebSite\",\"@id\":\"https:\\\/\\\/bioperfectus.com.br\\\/es\\\/#website\",\"url\":\"https:\\\/\\\/bioperfectus.com.br\\\/es\\\/\",\"name\":\"Bioperfectus Brasil\",\"description\":\"Unimos ci\u00eancia molecular, tecnologia de ponta e cuidado humano para oferecer diagn\u00f3sticos precisos, seguros e confi\u00e1veis.\",\"publisher\":{\"@id\":\"https:\\\/\\\/bioperfectus.com.br\\\/es\\\/#organization\"},\"potentialAction\":[{\"@type\":\"SearchAction\",\"target\":{\"@type\":\"EntryPoint\",\"urlTemplate\":\"https:\\\/\\\/bioperfectus.com.br\\\/es\\\/?s={search_term_string}\"},\"query-input\":{\"@type\":\"PropertyValueSpecification\",\"valueRequired\":true,\"valueName\":\"search_term_string\"}}],\"inLanguage\":\"es\"},{\"@type\":\"Organization\",\"@id\":\"https:\\\/\\\/bioperfectus.com.br\\\/es\\\/#organization\",\"name\":\"Bioperfectus Brasil\",\"url\":\"https:\\\/\\\/bioperfectus.com.br\\\/es\\\/\",\"logo\":{\"@type\":\"ImageObject\",\"inLanguage\":\"es\",\"@id\":\"https:\\\/\\\/bioperfectus.com.br\\\/es\\\/#\\\/schema\\\/logo\\\/image\\\/\",\"url\":\"https:\\\/\\\/bioperfectus.com.br\\\/wp-content\\\/uploads\\\/2025\\\/10\\\/bp-logo-color.webp\",\"contentUrl\":\"https:\\\/\\\/bioperfectus.com.br\\\/wp-content\\\/uploads\\\/2025\\\/10\\\/bp-logo-color.webp\",\"width\":995,\"height\":251,\"caption\":\"Bioperfectus Brasil\"},\"image\":{\"@id\":\"https:\\\/\\\/bioperfectus.com.br\\\/es\\\/#\\\/schema\\\/logo\\\/image\\\/\"}}]}<\/script>\n<!-- \/ Yoast SEO plugin. -->","yoast_head_json":{"title":"- Bioperfectus Brasil","robots":{"index":"index","follow":"follow","max-snippet":"max-snippet:-1","max-image-preview":"max-image-preview:large","max-video-preview":"max-video-preview:-1"},"canonical":"https:\/\/bioperfectus.com.br\/es\/politica-de-privacidad\/","og_locale":"es_ES","og_type":"article","og_title":"- Bioperfectus Brasil","og_description":"Pol\u00edtica de privacidad \u2013 Bioperfectus Bioperfectus valora la privacidad y la protecci\u00f3n de los datos personales de sus clientes, pacientes y dem\u00e1s usuarios. Esta Pol\u00edtica de privacidad explica c\u00f3mo recopilamos, utilizamos y protegemos sus datos, as\u00ed como los derechos que usted tiene sobre ellos, de conformidad con la Ley General de Protecci\u00f3n de Datos (LGPD [&hellip;]","og_url":"https:\/\/bioperfectus.com.br\/es\/politica-de-privacidad\/","og_site_name":"Bioperfectus Brasil","article_modified_time":"2026-03-30T22:53:24+00:00","twitter_card":"summary_large_image","twitter_misc":{"Tiempo de lectura":"2 minutos"},"schema":{"@context":"https:\/\/schema.org","@graph":[{"@type":"WebPage","@id":"https:\/\/bioperfectus.com.br\/es\/politica-de-privacidad\/","url":"https:\/\/bioperfectus.com.br\/es\/politica-de-privacidad\/","name":"- Bioperfectus Brasil","isPartOf":{"@id":"https:\/\/bioperfectus.com.br\/es\/#website"},"datePublished":"2025-10-30T13:06:47+00:00","dateModified":"2026-03-30T22:53:24+00:00","breadcrumb":{"@id":"https:\/\/bioperfectus.com.br\/es\/politica-de-privacidad\/#breadcrumb"},"inLanguage":"es","potentialAction":[{"@type":"ReadAction","target":["https:\/\/bioperfectus.com.br\/es\/politica-de-privacidad\/"]}]},{"@type":"BreadcrumbList","@id":"https:\/\/bioperfectus.com.br\/es\/politica-de-privacidad\/#breadcrumb","itemListElement":[{"@type":"ListItem","position":1,"name":"Home","item":"https:\/\/bioperfectus.com.br\/es\/pagina-de-inicio\/?lang=es"},{"@type":"ListItem","position":2,"name":"Pol\u00edtica de privacidad"}]},{"@type":"WebSite","@id":"https:\/\/bioperfectus.com.br\/es\/#website","url":"https:\/\/bioperfectus.com.br\/es\/","name":"Bioperfectus Brasil","description":"Unimos ci\u00eancia molecular, tecnologia de ponta e cuidado humano para oferecer diagn\u00f3sticos precisos, seguros e confi\u00e1veis.","publisher":{"@id":"https:\/\/bioperfectus.com.br\/es\/#organization"},"potentialAction":[{"@type":"SearchAction","target":{"@type":"EntryPoint","urlTemplate":"https:\/\/bioperfectus.com.br\/es\/?s={search_term_string}"},"query-input":{"@type":"PropertyValueSpecification","valueRequired":true,"valueName":"search_term_string"}}],"inLanguage":"es"},{"@type":"Organization","@id":"https:\/\/bioperfectus.com.br\/es\/#organization","name":"Bioperfectus Brasil","url":"https:\/\/bioperfectus.com.br\/es\/","logo":{"@type":"ImageObject","inLanguage":"es","@id":"https:\/\/bioperfectus.com.br\/es\/#\/schema\/logo\/image\/","url":"https:\/\/bioperfectus.com.br\/wp-content\/uploads\/2025\/10\/bp-logo-color.webp","contentUrl":"https:\/\/bioperfectus.com.br\/wp-content\/uploads\/2025\/10\/bp-logo-color.webp","width":995,"height":251,"caption":"Bioperfectus Brasil"},"image":{"@id":"https:\/\/bioperfectus.com.br\/es\/#\/schema\/logo\/image\/"}}]}},"_hostinger_reach_plugin_has_subscription_block":false,"_hostinger_reach_plugin_is_elementor":false,"_links":{"self":[{"href":"https:\/\/bioperfectus.com.br\/es\/wp-json\/wp\/v2\/pages\/1517","targetHints":{"allow":["GET"]}}],"collection":[{"href":"https:\/\/bioperfectus.com.br\/es\/wp-json\/wp\/v2\/pages"}],"about":[{"href":"https:\/\/bioperfectus.com.br\/es\/wp-json\/wp\/v2\/types\/page"}],"author":[{"embeddable":true,"href":"https:\/\/bioperfectus.com.br\/es\/wp-json\/wp\/v2\/users\/1"}],"replies":[{"embeddable":true,"href":"https:\/\/bioperfectus.com.br\/es\/wp-json\/wp\/v2\/comments?post=1517"}],"version-history":[{"count":7,"href":"https:\/\/bioperfectus.com.br\/es\/wp-json\/wp\/v2\/pages\/1517\/revisions"}],"predecessor-version":[{"id":1540,"href":"https:\/\/bioperfectus.com.br\/es\/wp-json\/wp\/v2\/pages\/1517\/revisions\/1540"}],"wp:attachment":[{"href":"https:\/\/bioperfectus.com.br\/es\/wp-json\/wp\/v2\/media?parent=1517"}],"curies":[{"name":"wp","href":"https:\/\/api.w.org\/{rel}","templated":true}]}}