{"id":1478,"date":"2025-12-16T00:39:18","date_gmt":"2025-12-16T00:39:18","guid":{"rendered":"https:\/\/bioperfectus.com.br\/terminos-de-uso\/"},"modified":"2026-03-30T22:52:13","modified_gmt":"2026-03-30T22:52:13","slug":"terminos-de-uso","status":"publish","type":"page","link":"https:\/\/bioperfectus.com.br\/es\/terminos-de-uso\/","title":{"rendered":"T\u00e9rminos de uso"},"content":{"rendered":"\t\t<div data-elementor-type=\"wp-page\" data-elementor-id=\"1478\" class=\"elementor elementor-1478 elementor-1073\" data-elementor-post-type=\"page\">\n\t\t\t\t<div class=\"elementor-element elementor-element-4f3b074 e-flex e-con-boxed e-con e-parent\" data-id=\"4f3b074\" data-element_type=\"container\" data-e-type=\"container\">\n\t\t\t\t\t<div class=\"e-con-inner\">\n\t\t\t\t<div class=\"elementor-element elementor-element-22b4ddb elementor-widget elementor-widget-text-editor\" data-id=\"22b4ddb\" data-element_type=\"widget\" data-e-type=\"widget\" data-widget_type=\"text-editor.default\">\n\t\t\t\t\t\t\t\t\t<h1 data-start=\"225\" data-end=\"255\">T\u00e9rminos de uso \u2013 Bioperfectus<\/h1><p data-start=\"257\" data-end=\"458\">Estos T\u00e9rminos de uso regulan el acceso y la utilizaci\u00f3n del sitio web <strong data-start=\"313\" data-end=\"329\">Bioperfectus<\/strong> y de sus servicios en l\u00ednea. Al acceder o utilizar el sitio web, usted acepta estos t\u00e9rminos. En caso de no estar de acuerdo, no utilice el sitio web.  <\/p><h4 data-start=\"465\" data-end=\"482\"><strong>1. Uso del sitio web<\/strong><\/h4><p data-start=\"484\" data-end=\"699\">El sitio web de Bioperfectus ofrece informaci\u00f3n sobre servicios de diagn\u00f3stico molecular y la posibilidad de programar citas para ex\u00e1menes. Usted acepta utilizarlo \u00fanicamente para fines legales y de acuerdo con estos T\u00e9rminos de uso. <\/p><p data-start=\"701\" data-end=\"712\">Queda prohibido:<\/p><ul data-start=\"714\" data-end=\"916\"><li data-start=\"714\" data-end=\"789\"><p data-start=\"716\" data-end=\"789\">Usar el sitio web para cualquier actividad ilegal, fraudulenta o perjudicial;<\/p><\/li><li data-start=\"790\" data-end=\"850\"><p data-start=\"792\" data-end=\"850\">Interferir en el funcionamiento del sitio web o de sus sistemas;<\/p><\/li><li data-start=\"851\" data-end=\"916\"><p data-start=\"853\" data-end=\"916\">Recopilar informaci\u00f3n de otros usuarios de forma no autorizada.<\/p><\/li><\/ul><hr data-start=\"918\" data-end=\"921\"><h4 data-start=\"923\" data-end=\"949\"><strong>2. Registro y seguridad<\/strong><\/h4><p data-start=\"951\" data-end=\"1064\">Para algunos servicios, puede ser necesario crear una cuenta o facilitar informaci\u00f3n personal. Usted se compromete a: <\/p><ul data-start=\"1066\" data-end=\"1264\"><li data-start=\"1066\" data-end=\"1127\"><p data-start=\"1068\" data-end=\"1127\">Facilitar informaci\u00f3n veraz, precisa y actualizada;<\/p><\/li><li data-start=\"1128\" data-end=\"1179\"><p data-start=\"1130\" data-end=\"1179\">Mantener la confidencialidad de sus credenciales;<\/p><\/li><li data-start=\"1180\" data-end=\"1264\"><p data-start=\"1182\" data-end=\"1264\">Notificar a Bioperfectus inmediatamente en caso de uso no autorizado de su cuenta.<\/p><\/li><\/ul><h4 data-start=\"1271\" data-end=\"1300\"><strong>3. Propiedad intelectual<\/strong><\/h4><p data-start=\"1302\" data-end=\"1468\">Todo el contenido del sitio web, incluidos textos, im\u00e1genes, gr\u00e1ficos, logotipos y v\u00eddeos, est\u00e1 protegido por derechos de autor y pertenece a Bioperfectus o a sus licenciantes.<\/p><p data-start=\"1470\" data-end=\"1576\">Queda prohibido copiar, reproducir, distribuir o modificar cualquier contenido del sitio web sin autorizaci\u00f3n expresa.<\/p><hr data-start=\"1578\" data-end=\"1581\"><h4 data-start=\"1583\" data-end=\"1618\"><strong>4. Limitaci\u00f3n de responsabilidad<\/strong><\/h4><p data-start=\"1620\" data-end=\"1750\">El sitio web se proporciona \u201ctal cual\u201d y Bioperfectus no garantiza que el acceso sea ininterrumpido o est\u00e9 libre de errores.<\/p><p data-start=\"1752\" data-end=\"1793\">Bioperfectus no se responsabiliza de:<\/p><ul data-start=\"1795\" data-end=\"1983\"><li data-start=\"1795\" data-end=\"1860\"><p data-start=\"1797\" data-end=\"1860\">Da\u00f1os derivados del uso del sitio web o de los resultados de los ex\u00e1menes;<\/p><\/li><li data-start=\"1861\" data-end=\"1906\"><p data-start=\"1863\" data-end=\"1906\">Informaci\u00f3n imprecisa o desactualizada;<\/p><\/li><li data-start=\"1907\" data-end=\"1983\"><p data-start=\"1909\" data-end=\"1983\">P\u00e9rdidas causadas por fallos de terceros o eventos fuera de nuestro control.<\/p><\/li><\/ul><h4 data-start=\"1990\" data-end=\"2016\"><strong>5. Enlaces a terceros<\/strong><\/h4><p data-start=\"2018\" data-end=\"2170\">El sitio web puede contener enlaces a sitios web de terceros. Bioperfectus no se responsabiliza del contenido, las pr\u00e1cticas o las pol\u00edticas de privacidad de dichos sitios web.<\/p><h4 data-start=\"2177\" data-end=\"2194\"><strong>6. Privacidad<\/strong><\/h4><p data-start=\"2196\" data-end=\"2366\">El uso del sitio web est\u00e1 sujeto a nuestra <strong data-start=\"2231\" data-end=\"2258\">Pol\u00edtica de privacidad<\/strong>, que explica c\u00f3mo recopilamos y protegemos sus datos personales. L\u00e9ala atentamente para comprender sus derechos.<\/p><h4 data-start=\"2373\" data-end=\"2400\"><strong>7. Modificaciones de los T\u00e9rminos<\/strong><\/h4><p data-start=\"2402\" data-end=\"2585\">Bioperfectus puede modificar estos T\u00e9rminos de uso en cualquier momento. Las modificaciones entrar\u00e1n en vigor inmediatamente despu\u00e9s de su publicaci\u00f3n en el sitio web. Le recomendamos que revise los T\u00e9rminos peri\u00f3dicamente.<\/p><h4 data-start=\"2592\" data-end=\"2618\"><strong>8. Ley aplicable y jurisdicci\u00f3n<\/strong><\/h4><p data-start=\"2620\" data-end=\"2777\">Estos T\u00e9rminos se rigen por las leyes brasile\u00f1as. Cualquier controversia se someter\u00e1 a los juzgados y tribunales de la ciudad de <strong data-start=\"2723\" data-end=\"2739\">S\u00e3o Paulo\/SP<\/strong>, salvo disposici\u00f3n legal en contrario.<\/p><h4 data-start=\"2784\" data-end=\"2797\"><strong>9. Contacto<\/strong><\/h4><p data-start=\"2799\" data-end=\"2864\">En caso de dudas sobre estos T\u00e9rminos de uso, p\u00f3ngase en contacto con nosotros:<\/p><ul data-start=\"2866\" data-end=\"2906\"><li data-start=\"2866\" data-end=\"2906\"><p data-start=\"2868\" data-end=\"2906\"><strong data-start=\"2868\" data-end=\"2879\">Correo electr\u00f3nico:<\/strong> <a class=\"decorated-link cursor-pointer\" rel=\"noopener\" data-start=\"2880\" data-end=\"2904\">contato@bioperfectus.com<\/a><\/p><\/li><\/ul>\t\t\t\t\t\t\t\t<\/div>\n\t\t\t\t\t<\/div>\n\t\t\t\t<\/div>\n\t\t\t\t<\/div>\n\t\t","protected":false},"excerpt":{"rendered":"<p>T\u00e9rminos de uso \u2013 Bioperfectus Estos T\u00e9rminos de uso regulan el acceso y la utilizaci\u00f3n del sitio web Bioperfectus y de sus servicios en l\u00ednea. Al acceder o utilizar el sitio web, usted acepta estos t\u00e9rminos. En caso de no estar de acuerdo, no utilice el sitio web. 1. Uso del sitio web El sitio [&hellip;]<\/p>\n","protected":false},"author":2,"featured_media":0,"parent":0,"menu_order":0,"comment_status":"closed","ping_status":"closed","template":"elementor_header_footer","meta":{"_acf_changed":false,"footnotes":""},"class_list":["post-1478","page","type-page","status-publish","hentry"],"acf":[],"yoast_head":"<!-- This site is optimized with the Yoast SEO plugin v27.4 - https:\/\/yoast.com\/product\/yoast-seo-wordpress\/ -->\n<title>- Bioperfectus Brasil<\/title>\n<meta name=\"robots\" content=\"index, follow, max-snippet:-1, max-image-preview:large, max-video-preview:-1\" \/>\n<link rel=\"canonical\" href=\"https:\/\/bioperfectus.com.br\/es\/terminos-de-uso\/\" \/>\n<meta property=\"og:locale\" content=\"es_ES\" \/>\n<meta property=\"og:type\" content=\"article\" \/>\n<meta property=\"og:title\" content=\"- Bioperfectus Brasil\" \/>\n<meta property=\"og:description\" content=\"T\u00e9rminos de uso \u2013 Bioperfectus Estos T\u00e9rminos de uso regulan el acceso y la utilizaci\u00f3n del sitio web Bioperfectus y de sus servicios en l\u00ednea. Al acceder o utilizar el sitio web, usted acepta estos t\u00e9rminos. En caso de no estar de acuerdo, no utilice el sitio web. 1. Uso del sitio web El sitio [&hellip;]\" \/>\n<meta property=\"og:url\" content=\"https:\/\/bioperfectus.com.br\/es\/terminos-de-uso\/\" \/>\n<meta property=\"og:site_name\" content=\"Bioperfectus Brasil\" \/>\n<meta property=\"article:modified_time\" content=\"2026-03-30T22:52:13+00:00\" \/>\n<meta name=\"twitter:card\" content=\"summary_large_image\" \/>\n<meta name=\"twitter:label1\" content=\"Tiempo de lectura\" \/>\n\t<meta name=\"twitter:data1\" content=\"2 minutos\" \/>\n<script type=\"application\/ld+json\" class=\"yoast-schema-graph\">{\"@context\":\"https:\\\/\\\/schema.org\",\"@graph\":[{\"@type\":\"WebPage\",\"@id\":\"https:\\\/\\\/bioperfectus.com.br\\\/es\\\/terminos-de-uso\\\/\",\"url\":\"https:\\\/\\\/bioperfectus.com.br\\\/es\\\/terminos-de-uso\\\/\",\"name\":\"- Bioperfectus Brasil\",\"isPartOf\":{\"@id\":\"https:\\\/\\\/bioperfectus.com.br\\\/es\\\/#website\"},\"datePublished\":\"2025-12-16T00:39:18+00:00\",\"dateModified\":\"2026-03-30T22:52:13+00:00\",\"breadcrumb\":{\"@id\":\"https:\\\/\\\/bioperfectus.com.br\\\/es\\\/terminos-de-uso\\\/#breadcrumb\"},\"inLanguage\":\"es\",\"potentialAction\":[{\"@type\":\"ReadAction\",\"target\":[\"https:\\\/\\\/bioperfectus.com.br\\\/es\\\/terminos-de-uso\\\/\"]}]},{\"@type\":\"BreadcrumbList\",\"@id\":\"https:\\\/\\\/bioperfectus.com.br\\\/es\\\/terminos-de-uso\\\/#breadcrumb\",\"itemListElement\":[{\"@type\":\"ListItem\",\"position\":1,\"name\":\"Home\",\"item\":\"https:\\\/\\\/bioperfectus.com.br\\\/es\\\/pagina-de-inicio\\\/?lang=es\"},{\"@type\":\"ListItem\",\"position\":2,\"name\":\"T\u00e9rminos de uso\"}]},{\"@type\":\"WebSite\",\"@id\":\"https:\\\/\\\/bioperfectus.com.br\\\/es\\\/#website\",\"url\":\"https:\\\/\\\/bioperfectus.com.br\\\/es\\\/\",\"name\":\"Bioperfectus Brasil\",\"description\":\"Unimos ci\u00eancia molecular, tecnologia de ponta e cuidado humano para oferecer diagn\u00f3sticos precisos, seguros e confi\u00e1veis.\",\"publisher\":{\"@id\":\"https:\\\/\\\/bioperfectus.com.br\\\/es\\\/#organization\"},\"potentialAction\":[{\"@type\":\"SearchAction\",\"target\":{\"@type\":\"EntryPoint\",\"urlTemplate\":\"https:\\\/\\\/bioperfectus.com.br\\\/es\\\/?s={search_term_string}\"},\"query-input\":{\"@type\":\"PropertyValueSpecification\",\"valueRequired\":true,\"valueName\":\"search_term_string\"}}],\"inLanguage\":\"es\"},{\"@type\":\"Organization\",\"@id\":\"https:\\\/\\\/bioperfectus.com.br\\\/es\\\/#organization\",\"name\":\"Bioperfectus Brasil\",\"url\":\"https:\\\/\\\/bioperfectus.com.br\\\/es\\\/\",\"logo\":{\"@type\":\"ImageObject\",\"inLanguage\":\"es\",\"@id\":\"https:\\\/\\\/bioperfectus.com.br\\\/es\\\/#\\\/schema\\\/logo\\\/image\\\/\",\"url\":\"https:\\\/\\\/bioperfectus.com.br\\\/wp-content\\\/uploads\\\/2025\\\/10\\\/bp-logo-color.webp\",\"contentUrl\":\"https:\\\/\\\/bioperfectus.com.br\\\/wp-content\\\/uploads\\\/2025\\\/10\\\/bp-logo-color.webp\",\"width\":995,\"height\":251,\"caption\":\"Bioperfectus Brasil\"},\"image\":{\"@id\":\"https:\\\/\\\/bioperfectus.com.br\\\/es\\\/#\\\/schema\\\/logo\\\/image\\\/\"}}]}<\/script>\n<!-- \/ Yoast SEO plugin. -->","yoast_head_json":{"title":"- Bioperfectus Brasil","robots":{"index":"index","follow":"follow","max-snippet":"max-snippet:-1","max-image-preview":"max-image-preview:large","max-video-preview":"max-video-preview:-1"},"canonical":"https:\/\/bioperfectus.com.br\/es\/terminos-de-uso\/","og_locale":"es_ES","og_type":"article","og_title":"- Bioperfectus Brasil","og_description":"T\u00e9rminos de uso \u2013 Bioperfectus Estos T\u00e9rminos de uso regulan el acceso y la utilizaci\u00f3n del sitio web Bioperfectus y de sus servicios en l\u00ednea. Al acceder o utilizar el sitio web, usted acepta estos t\u00e9rminos. En caso de no estar de acuerdo, no utilice el sitio web. 1. Uso del sitio web El sitio [&hellip;]","og_url":"https:\/\/bioperfectus.com.br\/es\/terminos-de-uso\/","og_site_name":"Bioperfectus Brasil","article_modified_time":"2026-03-30T22:52:13+00:00","twitter_card":"summary_large_image","twitter_misc":{"Tiempo de lectura":"2 minutos"},"schema":{"@context":"https:\/\/schema.org","@graph":[{"@type":"WebPage","@id":"https:\/\/bioperfectus.com.br\/es\/terminos-de-uso\/","url":"https:\/\/bioperfectus.com.br\/es\/terminos-de-uso\/","name":"- Bioperfectus Brasil","isPartOf":{"@id":"https:\/\/bioperfectus.com.br\/es\/#website"},"datePublished":"2025-12-16T00:39:18+00:00","dateModified":"2026-03-30T22:52:13+00:00","breadcrumb":{"@id":"https:\/\/bioperfectus.com.br\/es\/terminos-de-uso\/#breadcrumb"},"inLanguage":"es","potentialAction":[{"@type":"ReadAction","target":["https:\/\/bioperfectus.com.br\/es\/terminos-de-uso\/"]}]},{"@type":"BreadcrumbList","@id":"https:\/\/bioperfectus.com.br\/es\/terminos-de-uso\/#breadcrumb","itemListElement":[{"@type":"ListItem","position":1,"name":"Home","item":"https:\/\/bioperfectus.com.br\/es\/pagina-de-inicio\/?lang=es"},{"@type":"ListItem","position":2,"name":"T\u00e9rminos de uso"}]},{"@type":"WebSite","@id":"https:\/\/bioperfectus.com.br\/es\/#website","url":"https:\/\/bioperfectus.com.br\/es\/","name":"Bioperfectus Brasil","description":"Unimos ci\u00eancia molecular, tecnologia de ponta e cuidado humano para oferecer diagn\u00f3sticos precisos, seguros e confi\u00e1veis.","publisher":{"@id":"https:\/\/bioperfectus.com.br\/es\/#organization"},"potentialAction":[{"@type":"SearchAction","target":{"@type":"EntryPoint","urlTemplate":"https:\/\/bioperfectus.com.br\/es\/?s={search_term_string}"},"query-input":{"@type":"PropertyValueSpecification","valueRequired":true,"valueName":"search_term_string"}}],"inLanguage":"es"},{"@type":"Organization","@id":"https:\/\/bioperfectus.com.br\/es\/#organization","name":"Bioperfectus Brasil","url":"https:\/\/bioperfectus.com.br\/es\/","logo":{"@type":"ImageObject","inLanguage":"es","@id":"https:\/\/bioperfectus.com.br\/es\/#\/schema\/logo\/image\/","url":"https:\/\/bioperfectus.com.br\/wp-content\/uploads\/2025\/10\/bp-logo-color.webp","contentUrl":"https:\/\/bioperfectus.com.br\/wp-content\/uploads\/2025\/10\/bp-logo-color.webp","width":995,"height":251,"caption":"Bioperfectus Brasil"},"image":{"@id":"https:\/\/bioperfectus.com.br\/es\/#\/schema\/logo\/image\/"}}]}},"_hostinger_reach_plugin_has_subscription_block":false,"_hostinger_reach_plugin_is_elementor":false,"_links":{"self":[{"href":"https:\/\/bioperfectus.com.br\/es\/wp-json\/wp\/v2\/pages\/1478","targetHints":{"allow":["GET"]}}],"collection":[{"href":"https:\/\/bioperfectus.com.br\/es\/wp-json\/wp\/v2\/pages"}],"about":[{"href":"https:\/\/bioperfectus.com.br\/es\/wp-json\/wp\/v2\/types\/page"}],"author":[{"embeddable":true,"href":"https:\/\/bioperfectus.com.br\/es\/wp-json\/wp\/v2\/users\/2"}],"replies":[{"embeddable":true,"href":"https:\/\/bioperfectus.com.br\/es\/wp-json\/wp\/v2\/comments?post=1478"}],"version-history":[{"count":1,"href":"https:\/\/bioperfectus.com.br\/es\/wp-json\/wp\/v2\/pages\/1478\/revisions"}],"predecessor-version":[{"id":1480,"href":"https:\/\/bioperfectus.com.br\/es\/wp-json\/wp\/v2\/pages\/1478\/revisions\/1480"}],"wp:attachment":[{"href":"https:\/\/bioperfectus.com.br\/es\/wp-json\/wp\/v2\/media?parent=1478"}],"curies":[{"name":"wp","href":"https:\/\/api.w.org\/{rel}","templated":true}]}}