{"id":1428,"date":"2025-11-10T20:59:35","date_gmt":"2025-11-10T20:59:35","guid":{"rendered":"https:\/\/bioperfectus.com.br\/equipos\/"},"modified":"2026-04-06T22:43:17","modified_gmt":"2026-04-06T22:43:17","slug":"equipos","status":"publish","type":"page","link":"https:\/\/bioperfectus.com.br\/es\/productos\/equipos\/","title":{"rendered":"Equipos"},"content":{"rendered":"\t\t<div data-elementor-type=\"wp-page\" data-elementor-id=\"1428\" class=\"elementor elementor-1428 elementor-50\" data-elementor-post-type=\"page\">\n\t\t\t\t<div class=\"elementor-element elementor-element-4446e852 e-flex e-con-boxed e-con e-parent\" data-id=\"4446e852\" data-element_type=\"container\" data-e-type=\"container\" data-settings=\"{&quot;background_background&quot;:&quot;classic&quot;}\">\n\t\t\t\t\t<div class=\"e-con-inner\">\n\t\t\t\t<div class=\"elementor-element elementor-element-687fe7c elementor-widget elementor-widget-heading\" data-id=\"687fe7c\" data-element_type=\"widget\" data-e-type=\"widget\" data-widget_type=\"heading.default\">\n\t\t\t\t\t<span class=\"elementor-heading-title elementor-size-default\">PRODUCTOS<\/span>\t\t\t\t<\/div>\n\t\t\t\t\t<\/div>\n\t\t\t\t<\/div>\n\t\t<div class=\"elementor-element elementor-element-5267142c e-flex e-con-boxed e-con e-parent\" data-id=\"5267142c\" data-element_type=\"container\" data-e-type=\"container\">\n\t\t\t\t\t<div class=\"e-con-inner\">\n\t\t\t\t<div class=\"elementor-element elementor-element-746e492 elementor-widget__width-inherit elementor-widget elementor-widget-shortcode\" data-id=\"746e492\" data-element_type=\"widget\" data-e-type=\"widget\" data-widget_type=\"shortcode.default\">\n\t\t\t\t\t\t\t<div class=\"elementor-shortcode\">\n\t\t\t\t<form action=\"\" method=\"post\" class=\"searchandfilter sf-custom\">\n\t\t\t\t\t<div><input type=\"hidden\" name=\"ofpost_types[]\" value=\"product\" \/><ul><li><input type=\"text\" name=\"ofsearch\" placeholder=\"Pesquise um produto\" value=\"\"><\/li><li><input type=\"hidden\" name=\"ofadd_search_param\" value=\"1\" \/><input type=\"hidden\" id=\"_searchandfilter_nonce\" name=\"_searchandfilter_nonce\" value=\"906d11f324\" \/><input type=\"hidden\" name=\"_wp_http_referer\" value=\"\/es\/wp-json\/wp\/v2\/pages\/1428\" \/><input type=\"hidden\" name=\"ofsubmitted\" value=\"1\"><input type=\"submit\" value=\"Buscar\"><\/li><\/ul><\/div><\/form>\n<\/div>\n\t\t\t\t\t\t<\/div>\n\t\t\t\t<div class=\"elementor-element elementor-element-136f477b elementor-widget elementor-widget-html\" data-id=\"136f477b\" data-element_type=\"widget\" data-e-type=\"widget\" data-widget_type=\"html.default\">\n\t\t\t\t\t<script>document.addEventListener('DOMContentLoaded', function(){\r\n\r\n  \/\/ pega o form do Search & Filter (ajuste o seletor se necess\u00e1rio)\r\n  var form = document.querySelector('.searchandfilter.sf-custom');\r\n  if (!form) return;\r\n\r\n  var searchInput = form.querySelector('input[name=\"ofsearch\"], input[name=\"s\"]');\r\n  var selectProd  = form.querySelector('select[name=\"ofproduct_cat\"], select[name=\"product_cat\"]');\r\n  var selectBlog  = form.querySelector('select[name=\"ofcategory\"], select[name=\"category\"]');\r\n\r\n  \/\/ garante existencia de par\u00e2metro s= sempre\r\n  function forceSearchParam(){\r\n      if (!searchInput) {\r\n          searchInput = document.createElement('input');\r\n          searchInput.type = \"hidden\";\r\n          searchInput.name = \"s\";\r\n          searchInput.value = \"\";\r\n          form.appendChild(searchInput);\r\n      }\r\n  }\r\n  forceSearchParam();\r\n\r\n  \/\/ \ud83d\udd25 Fun\u00e7\u00e3o que monta a URL de busca SEMPRE\r\n  function buildSearchUrl(){\r\n      var base = \"\/\";  \/\/ ajuste se WP estiver em subpasta\r\n\r\n      var params = new URLSearchParams();\r\n\r\n      \/\/ termo da busca\r\n      var valSearch = searchInput ? searchInput.value : \"\";\r\n      params.set(\"s\", valSearch);\r\n\r\n      \/\/ categoria de produtos\r\n      if (selectProd && selectProd.value && selectProd.value !== \"0\"){\r\n          params.set(\"product_cat\", selectProd.value);\r\n          params.set(\"post_type\", \"product\");\r\n      }\r\n\r\n      \/\/ categoria do blog\r\n      if (selectBlog && selectBlog.value && selectBlog.value !== \"0\"){\r\n          params.set(\"category\", selectBlog.value);\r\n          params.set(\"post_type\", \"post\");\r\n      }\r\n\r\n      return base + \"?\" + params.toString();\r\n  }\r\n\r\n  \/\/ \u274c Impede SUBMIT normal do plugin e substitui pelo nosso\r\n  form.addEventListener(\"submit\", function(e){\r\n      e.preventDefault();\r\n      e.stopPropagation();\r\n\r\n      var url = buildSearchUrl();\r\n      window.location.href = url;\r\n  }, true); \/\/ capture para interceptar ANTES do Search & Filter\r\n\r\n  \/\/ \u274c Impede auto-submit do plugin ao trocar categoria\r\n  \/\/   \u2192 Agora o usu\u00e1rio escolhe categoria e DIGITA antes de buscar\r\n  function preventAutoSubmit(select){\r\n      if (!select) return;\r\n      select.addEventListener(\"change\", function(e){\r\n          e.stopImmediatePropagation();\r\n          \/\/ ap\u00f3s selecionar a categoria, focar no campo de busca (UX melhor)\r\n          if (searchInput) searchInput.focus();\r\n          \/\/ N\u00c3O submit aqui!\r\n      }, true);\r\n  }\r\n\r\n  preventAutoSubmit(selectProd);\r\n  preventAutoSubmit(selectBlog);\r\n\r\n});\r\n<\/script>\t\t\t\t<\/div>\n\t\t\t\t<div class=\"elementor-element elementor-element-8f3816b elementor-widget-divider--view-line elementor-widget elementor-widget-divider\" data-id=\"8f3816b\" data-element_type=\"widget\" data-e-type=\"widget\" data-widget_type=\"divider.default\">\n\t\t\t\t\t\t\t<div class=\"elementor-divider\">\n\t\t\t<span class=\"elementor-divider-separator\">\n\t\t\t\t\t\t<\/span>\n\t\t<\/div>\n\t\t\t\t\t\t<\/div>\n\t\t\t\t\t<\/div>\n\t\t\t\t<\/div>\n\t\t<div class=\"elementor-element elementor-element-7d55bfd3 e-flex e-con-boxed e-con e-parent\" data-id=\"7d55bfd3\" data-element_type=\"container\" data-e-type=\"container\">\n\t\t\t\t\t<div class=\"e-con-inner\">\n\t\t\t\t<div class=\"elementor-element elementor-element-292cdb56 elementor-grid-4 elementor-grid-tablet-3 elementor-grid-mobile-2 elementor-products-grid elementor-wc-products elementor-widget elementor-widget-wc-categories\" data-id=\"292cdb56\" data-element_type=\"widget\" data-e-type=\"widget\" data-widget_type=\"wc-categories.default\">\n\t\t\t\t\t<div class=\"woocommerce columns-4\"><ul class=\"products elementor-grid columns-4\">\n<li class=\"product-category product first\">\n\t<a aria-label=\"Visitar la categor\u00eda de producto Extracci\u00f3n de \u00c1cidos Nucleicos\" href=\"https:\/\/bioperfectus.com.br\/es\/product-category\/equipos\/extraccion-de-acidos-nucleicos\/\"><img fetchpriority=\"high\" decoding=\"async\" src=\"https:\/\/bioperfectus.com.br\/wp-content\/uploads\/2025\/12\/bp-h-extracao.webp\" alt=\"Extracci\u00f3n de \u00c1cidos Nucleicos\" width=\"300\" height=\"300\" srcset=\"https:\/\/bioperfectus.com.br\/wp-content\/uploads\/2025\/12\/bp-h-extracao.webp 282w, https:\/\/bioperfectus.com.br\/wp-content\/uploads\/2025\/12\/bp-h-extracao-100x100.webp 100w, https:\/\/bioperfectus.com.br\/wp-content\/uploads\/2025\/12\/bp-h-extracao-150x150.webp 150w\" sizes=\"(max-width: 282px) 100vw, 282px\" \/>\t\t<h2 class=\"woocommerce-loop-category__title\">\n\t\t\tExtracci\u00f3n de \u00c1cidos Nucleicos <mark class=\"count\">(17)<\/mark>\t\t<\/h2>\n\t\t<\/a><\/li>\n<li class=\"product-category product\">\n\t<a aria-label=\"Visitar la categor\u00eda de producto Instrumento PCR\" href=\"https:\/\/bioperfectus.com.br\/es\/product-category\/equipos\/instrumento-pcr\/\"><img decoding=\"async\" src=\"https:\/\/bioperfectus.com.br\/wp-content\/uploads\/2025\/12\/bp-e-pcr.webp\" alt=\"Instrumento PCR\" width=\"300\" height=\"300\" srcset=\"https:\/\/bioperfectus.com.br\/wp-content\/uploads\/2025\/12\/bp-e-pcr.webp 282w, https:\/\/bioperfectus.com.br\/wp-content\/uploads\/2025\/12\/bp-e-pcr-150x150.webp 150w, https:\/\/bioperfectus.com.br\/wp-content\/uploads\/2025\/12\/bp-e-pcr-100x100.webp 100w\" sizes=\"(max-width: 282px) 100vw, 282px\" \/>\t\t<h2 class=\"woocommerce-loop-category__title\">\n\t\t\tInstrumento PCR <mark class=\"count\">(2)<\/mark>\t\t<\/h2>\n\t\t<\/a><\/li>\n<li class=\"product-category product\">\n\t<a aria-label=\"Visitar la categor\u00eda de producto Manipulador de Muestras\" href=\"https:\/\/bioperfectus.com.br\/es\/product-category\/equipos\/manipulador-de-muestras\/\"><img decoding=\"async\" src=\"https:\/\/bioperfectus.com.br\/wp-content\/uploads\/2025\/12\/bp-e-manipulador.webp\" alt=\"Manipulador de Muestras\" width=\"300\" height=\"300\" srcset=\"https:\/\/bioperfectus.com.br\/wp-content\/uploads\/2025\/12\/bp-e-manipulador.webp 282w, https:\/\/bioperfectus.com.br\/wp-content\/uploads\/2025\/12\/bp-e-manipulador-150x150.webp 150w, https:\/\/bioperfectus.com.br\/wp-content\/uploads\/2025\/12\/bp-e-manipulador-100x100.webp 100w\" sizes=\"(max-width: 282px) 100vw, 282px\" \/>\t\t<h2 class=\"woocommerce-loop-category__title\">\n\t\t\tManipulador de Muestras <mark class=\"count\">(1)<\/mark>\t\t<\/h2>\n\t\t<\/a><\/li>\n<li class=\"product-category product last\">\n\t<a aria-label=\"Visitar la categor\u00eda de producto POCT\" href=\"https:\/\/bioperfectus.com.br\/es\/product-category\/equipos\/poct\/\"><img loading=\"lazy\" decoding=\"async\" src=\"https:\/\/bioperfectus.com.br\/wp-content\/uploads\/2025\/12\/bp-e-poct.webp\" alt=\"POCT\" width=\"300\" height=\"300\" srcset=\"https:\/\/bioperfectus.com.br\/wp-content\/uploads\/2025\/12\/bp-e-poct.webp 282w, https:\/\/bioperfectus.com.br\/wp-content\/uploads\/2025\/12\/bp-e-poct-150x150.webp 150w, https:\/\/bioperfectus.com.br\/wp-content\/uploads\/2025\/12\/bp-e-poct-100x100.webp 100w\" sizes=\"(max-width: 282px) 100vw, 282px\" \/>\t\t<h2 class=\"woocommerce-loop-category__title\">\n\t\t\tPOCT <mark class=\"count\">(1)<\/mark>\t\t<\/h2>\n\t\t<\/a><\/li>\n<li class=\"product-category product first\">\n\t<a aria-label=\"Visitar la categor\u00eda de producto Sistema de Evaluaci\u00f3n del Microbioma Vaginal\" href=\"https:\/\/bioperfectus.com.br\/es\/product-category\/equipos\/sistema-de-evaluacion-del-microbioma-vaginal\/\"><img loading=\"lazy\" decoding=\"async\" src=\"https:\/\/bioperfectus.com.br\/wp-content\/uploads\/2025\/12\/bp-e-micro.webp\" alt=\"Sistema de Evaluaci\u00f3n del Microbioma Vaginal\" width=\"300\" height=\"300\" srcset=\"https:\/\/bioperfectus.com.br\/wp-content\/uploads\/2025\/12\/bp-e-micro.webp 282w, https:\/\/bioperfectus.com.br\/wp-content\/uploads\/2025\/12\/bp-e-micro-150x150.webp 150w, https:\/\/bioperfectus.com.br\/wp-content\/uploads\/2025\/12\/bp-e-micro-100x100.webp 100w\" sizes=\"(max-width: 282px) 100vw, 282px\" \/>\t\t<h2 class=\"woocommerce-loop-category__title\">\n\t\t\tSistema de Evaluaci\u00f3n del Microbioma Vaginal <mark class=\"count\">(1)<\/mark>\t\t<\/h2>\n\t\t<\/a><\/li>\n<li class=\"product-category product\">\n\t<a aria-label=\"Visitar la categor\u00eda de producto Workstation\" href=\"https:\/\/bioperfectus.com.br\/es\/product-category\/equipos\/workstation\/\"><img loading=\"lazy\" decoding=\"async\" src=\"https:\/\/bioperfectus.com.br\/wp-content\/uploads\/2025\/12\/bp-e-work.webp\" alt=\"Workstation\" width=\"300\" height=\"300\" srcset=\"https:\/\/bioperfectus.com.br\/wp-content\/uploads\/2025\/12\/bp-e-work.webp 282w, https:\/\/bioperfectus.com.br\/wp-content\/uploads\/2025\/12\/bp-e-work-150x150.webp 150w, https:\/\/bioperfectus.com.br\/wp-content\/uploads\/2025\/12\/bp-e-work-100x100.webp 100w\" sizes=\"(max-width: 282px) 100vw, 282px\" \/>\t\t<h2 class=\"woocommerce-loop-category__title\">\n\t\t\tWorkstation <mark class=\"count\">(2)<\/mark>\t\t<\/h2>\n\t\t<\/a><\/li>\n<\/ul>\n<\/div>\t\t\t\t<\/div>\n\t\t\t\t\t<\/div>\n\t\t\t\t<\/div>\n\t\t<div class=\"elementor-element elementor-element-1c625dc6 e-flex e-con-boxed e-con e-parent\" data-id=\"1c625dc6\" data-element_type=\"container\" data-e-type=\"container\">\n\t\t\t\t\t<div class=\"e-con-inner\">\n\t\t\t\t<div class=\"elementor-element elementor-element-195411f1 elementor-widget elementor-widget-heading\" data-id=\"195411f1\" data-element_type=\"widget\" data-e-type=\"widget\" data-widget_type=\"heading.default\">\n\t\t\t\t\t<h2 class=\"elementor-heading-title elementor-size-default\">Otras categor\u00edas<\/h2>\t\t\t\t<\/div>\n\t\t\t\t\t<\/div>\n\t\t\t\t<\/div>\n\t\t<div class=\"elementor-element elementor-element-210a76a9 e-con-full e-flex e-con e-child\" data-id=\"210a76a9\" data-element_type=\"container\" data-e-type=\"container\">\n\t\t<a class=\"elementor-element elementor-element-2fa05bb5 e-con-full card-produto e-flex e-con e-child\" data-id=\"2fa05bb5\" data-element_type=\"container\" data-e-type=\"container\" data-settings=\"{&quot;background_background&quot;:&quot;classic&quot;}\" href=\"https:\/\/bioperfectus.com.br\/productos\/productos-para-humanos\/?lang=es\">\n\t\t\t\t<div class=\"elementor-element elementor-element-4f2e9543 card-title elementor-widget elementor-widget-heading\" data-id=\"4f2e9543\" data-element_type=\"widget\" data-e-type=\"widget\" data-widget_type=\"heading.default\">\n\t\t\t\t\t<h3 class=\"elementor-heading-title elementor-size-default\">Diagn\u00f3stico humano<\/h3>\t\t\t\t<\/div>\n\t\t<div class=\"elementor-element elementor-element-5ee0ca73 e-con-full card-link e-flex e-con e-child\" data-id=\"5ee0ca73\" data-element_type=\"container\" data-e-type=\"container\">\n\t\t\t\t<div class=\"elementor-element elementor-element-21665f9 elementor-view-stacked elementor-shape-circle elementor-widget elementor-widget-icon\" data-id=\"21665f9\" data-element_type=\"widget\" data-e-type=\"widget\" data-widget_type=\"icon.default\">\n\t\t\t\t\t\t\t<div class=\"elementor-icon-wrapper\">\n\t\t\t<div class=\"elementor-icon\">\n\t\t\t<svg aria-hidden=\"true\" class=\"e-font-icon-svg e-fas-long-arrow-alt-right\" viewBox=\"0 0 448 512\" xmlns=\"http:\/\/www.w3.org\/2000\/svg\"><path d=\"M313.941 216H12c-6.627 0-12 5.373-12 12v56c0 6.627 5.373 12 12 12h301.941v46.059c0 21.382 25.851 32.09 40.971 16.971l86.059-86.059c9.373-9.373 9.373-24.569 0-33.941l-86.059-86.059c-15.119-15.119-40.971-4.411-40.971 16.971V216z\"><\/path><\/svg>\t\t\t<\/div>\n\t\t<\/div>\n\t\t\t\t\t\t<\/div>\n\t\t\t\t<div class=\"elementor-element elementor-element-26cf314b elementor-widget elementor-widget-heading\" data-id=\"26cf314b\" data-element_type=\"widget\" data-e-type=\"widget\" data-widget_type=\"heading.default\">\n\t\t\t\t\t<span class=\"elementor-heading-title elementor-size-default\">Ver productos<\/span>\t\t\t\t<\/div>\n\t\t\t\t<\/div>\n\t\t\t\t<\/a>\n\t\t<a class=\"elementor-element elementor-element-3329a4ea e-con-full card-produto e-flex e-con e-child\" data-id=\"3329a4ea\" data-element_type=\"container\" data-e-type=\"container\" data-settings=\"{&quot;background_background&quot;:&quot;classic&quot;}\" href=\"https:\/\/bioperfectus.com.br\/productos\/producto-para-veterinaria\/?lang=es\">\n\t\t\t\t<div class=\"elementor-element elementor-element-140d8f21 card-title elementor-widget elementor-widget-heading\" data-id=\"140d8f21\" data-element_type=\"widget\" data-e-type=\"widget\" data-widget_type=\"heading.default\">\n\t\t\t\t\t<h3 class=\"elementor-heading-title elementor-size-default\">Diagn\u00f3stico Veterinario<\/h3>\t\t\t\t<\/div>\n\t\t<div class=\"elementor-element elementor-element-131b970c e-con-full card-link e-flex e-con e-child\" data-id=\"131b970c\" data-element_type=\"container\" data-e-type=\"container\">\n\t\t\t\t<div class=\"elementor-element elementor-element-75267d1e elementor-view-stacked elementor-shape-circle elementor-widget elementor-widget-icon\" data-id=\"75267d1e\" data-element_type=\"widget\" data-e-type=\"widget\" data-widget_type=\"icon.default\">\n\t\t\t\t\t\t\t<div class=\"elementor-icon-wrapper\">\n\t\t\t<div class=\"elementor-icon\">\n\t\t\t<svg aria-hidden=\"true\" class=\"e-font-icon-svg e-fas-long-arrow-alt-right\" viewBox=\"0 0 448 512\" xmlns=\"http:\/\/www.w3.org\/2000\/svg\"><path d=\"M313.941 216H12c-6.627 0-12 5.373-12 12v56c0 6.627 5.373 12 12 12h301.941v46.059c0 21.382 25.851 32.09 40.971 16.971l86.059-86.059c9.373-9.373 9.373-24.569 0-33.941l-86.059-86.059c-15.119-15.119-40.971-4.411-40.971 16.971V216z\"><\/path><\/svg>\t\t\t<\/div>\n\t\t<\/div>\n\t\t\t\t\t\t<\/div>\n\t\t\t\t<div class=\"elementor-element elementor-element-2998f8df elementor-widget elementor-widget-heading\" data-id=\"2998f8df\" data-element_type=\"widget\" data-e-type=\"widget\" data-widget_type=\"heading.default\">\n\t\t\t\t\t<span class=\"elementor-heading-title elementor-size-default\">Ver productos<\/span>\t\t\t\t<\/div>\n\t\t\t\t<\/div>\n\t\t\t\t<\/a>\n\t\t\t\t<\/div>\n\t\t\t\t<\/div>\n\t\t","protected":false},"excerpt":{"rendered":"<p>PRODUCTOS Otras categor\u00edas Diagn\u00f3stico humano Ver productos Diagn\u00f3stico Veterinario Ver productos<\/p>\n","protected":false},"author":2,"featured_media":0,"parent":1631,"menu_order":0,"comment_status":"closed","ping_status":"closed","template":"elementor_header_footer","meta":{"_acf_changed":false,"footnotes":""},"class_list":["post-1428","page","type-page","status-publish","hentry"],"acf":[],"yoast_head":"<!-- This site is optimized with the Yoast SEO plugin v27.4 - https:\/\/yoast.com\/product\/yoast-seo-wordpress\/ -->\n<title>- Bioperfectus Brasil<\/title>\n<meta name=\"robots\" content=\"index, follow, max-snippet:-1, max-image-preview:large, max-video-preview:-1\" \/>\n<link rel=\"canonical\" href=\"https:\/\/bioperfectus.com.br\/es\/productos\/equipos\/\" \/>\n<meta property=\"og:locale\" content=\"es_ES\" \/>\n<meta property=\"og:type\" content=\"article\" \/>\n<meta property=\"og:title\" content=\"- Bioperfectus Brasil\" \/>\n<meta property=\"og:description\" content=\"PRODUCTOS Otras categor\u00edas Diagn\u00f3stico humano Ver productos Diagn\u00f3stico Veterinario Ver productos\" \/>\n<meta property=\"og:url\" content=\"https:\/\/bioperfectus.com.br\/es\/productos\/equipos\/\" \/>\n<meta property=\"og:site_name\" content=\"Bioperfectus Brasil\" \/>\n<meta property=\"article:modified_time\" content=\"2026-04-06T22:43:17+00:00\" \/>\n<meta name=\"twitter:card\" content=\"summary_large_image\" \/>\n<script type=\"application\/ld+json\" class=\"yoast-schema-graph\">{\"@context\":\"https:\\\/\\\/schema.org\",\"@graph\":[{\"@type\":\"WebPage\",\"@id\":\"https:\\\/\\\/bioperfectus.com.br\\\/es\\\/productos\\\/equipos\\\/\",\"url\":\"https:\\\/\\\/bioperfectus.com.br\\\/es\\\/productos\\\/equipos\\\/\",\"name\":\"- Bioperfectus Brasil\",\"isPartOf\":{\"@id\":\"https:\\\/\\\/bioperfectus.com.br\\\/es\\\/#website\"},\"datePublished\":\"2025-11-10T20:59:35+00:00\",\"dateModified\":\"2026-04-06T22:43:17+00:00\",\"breadcrumb\":{\"@id\":\"https:\\\/\\\/bioperfectus.com.br\\\/es\\\/productos\\\/equipos\\\/#breadcrumb\"},\"inLanguage\":\"es\",\"potentialAction\":[{\"@type\":\"ReadAction\",\"target\":[\"https:\\\/\\\/bioperfectus.com.br\\\/es\\\/productos\\\/equipos\\\/\"]}]},{\"@type\":\"BreadcrumbList\",\"@id\":\"https:\\\/\\\/bioperfectus.com.br\\\/es\\\/productos\\\/equipos\\\/#breadcrumb\",\"itemListElement\":[{\"@type\":\"ListItem\",\"position\":1,\"name\":\"Home\",\"item\":\"https:\\\/\\\/bioperfectus.com.br\\\/es\\\/pagina-de-inicio\\\/?lang=es\"},{\"@type\":\"ListItem\",\"position\":2,\"name\":\"Productos\",\"item\":\"https:\\\/\\\/bioperfectus.com.br\\\/es\\\/productos\\\/?lang=es\"},{\"@type\":\"ListItem\",\"position\":3,\"name\":\"Equipos\"}]},{\"@type\":\"WebSite\",\"@id\":\"https:\\\/\\\/bioperfectus.com.br\\\/es\\\/#website\",\"url\":\"https:\\\/\\\/bioperfectus.com.br\\\/es\\\/\",\"name\":\"Bioperfectus Brasil\",\"description\":\"Unimos ci\u00eancia molecular, tecnologia de ponta e cuidado humano para oferecer diagn\u00f3sticos precisos, seguros e confi\u00e1veis.\",\"publisher\":{\"@id\":\"https:\\\/\\\/bioperfectus.com.br\\\/es\\\/#organization\"},\"potentialAction\":[{\"@type\":\"SearchAction\",\"target\":{\"@type\":\"EntryPoint\",\"urlTemplate\":\"https:\\\/\\\/bioperfectus.com.br\\\/es\\\/?s={search_term_string}\"},\"query-input\":{\"@type\":\"PropertyValueSpecification\",\"valueRequired\":true,\"valueName\":\"search_term_string\"}}],\"inLanguage\":\"es\"},{\"@type\":\"Organization\",\"@id\":\"https:\\\/\\\/bioperfectus.com.br\\\/es\\\/#organization\",\"name\":\"Bioperfectus Brasil\",\"url\":\"https:\\\/\\\/bioperfectus.com.br\\\/es\\\/\",\"logo\":{\"@type\":\"ImageObject\",\"inLanguage\":\"es\",\"@id\":\"https:\\\/\\\/bioperfectus.com.br\\\/es\\\/#\\\/schema\\\/logo\\\/image\\\/\",\"url\":\"https:\\\/\\\/bioperfectus.com.br\\\/wp-content\\\/uploads\\\/2025\\\/10\\\/bp-logo-color.webp\",\"contentUrl\":\"https:\\\/\\\/bioperfectus.com.br\\\/wp-content\\\/uploads\\\/2025\\\/10\\\/bp-logo-color.webp\",\"width\":995,\"height\":251,\"caption\":\"Bioperfectus Brasil\"},\"image\":{\"@id\":\"https:\\\/\\\/bioperfectus.com.br\\\/es\\\/#\\\/schema\\\/logo\\\/image\\\/\"}}]}<\/script>\n<!-- \/ Yoast SEO plugin. -->","yoast_head_json":{"title":"- Bioperfectus Brasil","robots":{"index":"index","follow":"follow","max-snippet":"max-snippet:-1","max-image-preview":"max-image-preview:large","max-video-preview":"max-video-preview:-1"},"canonical":"https:\/\/bioperfectus.com.br\/es\/productos\/equipos\/","og_locale":"es_ES","og_type":"article","og_title":"- Bioperfectus Brasil","og_description":"PRODUCTOS Otras categor\u00edas Diagn\u00f3stico humano Ver productos Diagn\u00f3stico Veterinario Ver productos","og_url":"https:\/\/bioperfectus.com.br\/es\/productos\/equipos\/","og_site_name":"Bioperfectus Brasil","article_modified_time":"2026-04-06T22:43:17+00:00","twitter_card":"summary_large_image","schema":{"@context":"https:\/\/schema.org","@graph":[{"@type":"WebPage","@id":"https:\/\/bioperfectus.com.br\/es\/productos\/equipos\/","url":"https:\/\/bioperfectus.com.br\/es\/productos\/equipos\/","name":"- Bioperfectus Brasil","isPartOf":{"@id":"https:\/\/bioperfectus.com.br\/es\/#website"},"datePublished":"2025-11-10T20:59:35+00:00","dateModified":"2026-04-06T22:43:17+00:00","breadcrumb":{"@id":"https:\/\/bioperfectus.com.br\/es\/productos\/equipos\/#breadcrumb"},"inLanguage":"es","potentialAction":[{"@type":"ReadAction","target":["https:\/\/bioperfectus.com.br\/es\/productos\/equipos\/"]}]},{"@type":"BreadcrumbList","@id":"https:\/\/bioperfectus.com.br\/es\/productos\/equipos\/#breadcrumb","itemListElement":[{"@type":"ListItem","position":1,"name":"Home","item":"https:\/\/bioperfectus.com.br\/es\/pagina-de-inicio\/?lang=es"},{"@type":"ListItem","position":2,"name":"Productos","item":"https:\/\/bioperfectus.com.br\/es\/productos\/?lang=es"},{"@type":"ListItem","position":3,"name":"Equipos"}]},{"@type":"WebSite","@id":"https:\/\/bioperfectus.com.br\/es\/#website","url":"https:\/\/bioperfectus.com.br\/es\/","name":"Bioperfectus Brasil","description":"Unimos ci\u00eancia molecular, tecnologia de ponta e cuidado humano para oferecer diagn\u00f3sticos precisos, seguros e confi\u00e1veis.","publisher":{"@id":"https:\/\/bioperfectus.com.br\/es\/#organization"},"potentialAction":[{"@type":"SearchAction","target":{"@type":"EntryPoint","urlTemplate":"https:\/\/bioperfectus.com.br\/es\/?s={search_term_string}"},"query-input":{"@type":"PropertyValueSpecification","valueRequired":true,"valueName":"search_term_string"}}],"inLanguage":"es"},{"@type":"Organization","@id":"https:\/\/bioperfectus.com.br\/es\/#organization","name":"Bioperfectus Brasil","url":"https:\/\/bioperfectus.com.br\/es\/","logo":{"@type":"ImageObject","inLanguage":"es","@id":"https:\/\/bioperfectus.com.br\/es\/#\/schema\/logo\/image\/","url":"https:\/\/bioperfectus.com.br\/wp-content\/uploads\/2025\/10\/bp-logo-color.webp","contentUrl":"https:\/\/bioperfectus.com.br\/wp-content\/uploads\/2025\/10\/bp-logo-color.webp","width":995,"height":251,"caption":"Bioperfectus Brasil"},"image":{"@id":"https:\/\/bioperfectus.com.br\/es\/#\/schema\/logo\/image\/"}}]}},"_hostinger_reach_plugin_has_subscription_block":false,"_hostinger_reach_plugin_is_elementor":false,"_links":{"self":[{"href":"https:\/\/bioperfectus.com.br\/es\/wp-json\/wp\/v2\/pages\/1428","targetHints":{"allow":["GET"]}}],"collection":[{"href":"https:\/\/bioperfectus.com.br\/es\/wp-json\/wp\/v2\/pages"}],"about":[{"href":"https:\/\/bioperfectus.com.br\/es\/wp-json\/wp\/v2\/types\/page"}],"author":[{"embeddable":true,"href":"https:\/\/bioperfectus.com.br\/es\/wp-json\/wp\/v2\/users\/2"}],"replies":[{"embeddable":true,"href":"https:\/\/bioperfectus.com.br\/es\/wp-json\/wp\/v2\/comments?post=1428"}],"version-history":[{"count":2,"href":"https:\/\/bioperfectus.com.br\/es\/wp-json\/wp\/v2\/pages\/1428\/revisions"}],"predecessor-version":[{"id":1875,"href":"https:\/\/bioperfectus.com.br\/es\/wp-json\/wp\/v2\/pages\/1428\/revisions\/1875"}],"up":[{"embeddable":true,"href":"https:\/\/bioperfectus.com.br\/es\/wp-json\/wp\/v2\/pages\/1631"}],"wp:attachment":[{"href":"https:\/\/bioperfectus.com.br\/es\/wp-json\/wp\/v2\/media?parent=1428"}],"curies":[{"name":"wp","href":"https:\/\/api.w.org\/{rel}","templated":true}]}}