{"id":2312,"date":"2025-12-10T17:32:59","date_gmt":"2025-12-10T17:32:59","guid":{"rendered":"https:\/\/bioperfectus.com.br\/product\/hpv-screening-pcr-kit-differentiates-subtypes-16-18-from-16-other-subtypes\/"},"modified":"2025-12-10T17:32:59","modified_gmt":"2025-12-10T17:32:59","slug":"hpv-screening-pcr-kit-differentiates-subtypes-16-18-from-16-other-subtypes","status":"publish","type":"product","link":"https:\/\/bioperfectus.com.br\/en\/product\/hpv-screening-pcr-kit-differentiates-subtypes-16-18-from-16-other-subtypes\/","title":{"rendered":"HPV Screening PCR Kit (Differentiates Subtypes 16, 18 from 16 other Subtypes)"},"content":{"rendered":"","protected":false},"excerpt":{"rendered":"<p data-start=\"200\" data-end=\"344\">Cervical cancer is a serious disease affecting the cervix and represents the fourth leading cause of cancer-related death in women.<\/p>\n<p data-start=\"346\" data-end=\"620\">Human Papillomavirus (HPV) is a group of DNA viruses that exclusively infect human mucosal or epithelial cells and can lead to the development of cancer. There are more than 100 types of HPV, and each type shows a preference for specific infection regions. <\/p>\n","protected":false},"featured_media":567,"template":"","meta":{"_acf_changed":false},"product_brand":[],"product_cat":[119,111,82],"product_tag":[],"class_list":{"0":"post-2312","1":"product","2":"type-product","3":"status-publish","4":"has-post-thumbnail","6":"product_cat-hpv-and-cervical-cancer-screening","7":"product_cat-human-diagnostics","8":"product_cat-pcr","10":"first","11":"instock","12":"shipping-taxable","13":"purchasable","14":"product-type-simple"},"acf":[],"yoast_head":"<!-- This site is optimized with the Yoast SEO plugin v27.4 - https:\/\/yoast.com\/product\/yoast-seo-wordpress\/ -->\n<title>HPV Screening PCR Kit (Differentiates Subtypes 16, 18 from 16 other Subtypes) - Bioperfectus Brasil<\/title>\n<meta name=\"robots\" content=\"index, follow, max-snippet:-1, max-image-preview:large, max-video-preview:-1\" \/>\n<link rel=\"canonical\" href=\"https:\/\/bioperfectus.com.br\/en\/product\/hpv-screening-pcr-kit-differentiates-subtypes-16-18-from-16-other-subtypes\/\" \/>\n<meta property=\"og:locale\" content=\"en_US\" \/>\n<meta property=\"og:type\" content=\"article\" \/>\n<meta property=\"og:title\" content=\"HPV Screening PCR Kit (Differentiates Subtypes 16, 18 from 16 other Subtypes) - Bioperfectus Brasil\" \/>\n<meta property=\"og:description\" content=\"Cervical cancer is a serious disease affecting the cervix and represents the fourth leading cause of cancer-related death in women. Human Papillomavirus (HPV) is a group of DNA viruses that exclusively infect human mucosal or epithelial cells and can lead to the development of cancer. There are more than 100 types of HPV, and each type shows a preference for specific infection regions.\" \/>\n<meta property=\"og:url\" content=\"https:\/\/bioperfectus.com.br\/en\/product\/hpv-screening-pcr-kit-differentiates-subtypes-16-18-from-16-other-subtypes\/\" \/>\n<meta property=\"og:site_name\" content=\"Bioperfectus Brasil\" \/>\n<meta property=\"og:image\" content=\"https:\/\/bioperfectus.com.br\/wp-content\/uploads\/2025\/12\/Product_100072.png\" \/>\n\t<meta property=\"og:image:width\" content=\"1200\" \/>\n\t<meta property=\"og:image:height\" content=\"900\" \/>\n\t<meta property=\"og:image:type\" content=\"image\/png\" \/>\n<meta name=\"twitter:card\" content=\"summary_large_image\" \/>\n<script type=\"application\/ld+json\" class=\"yoast-schema-graph\">{\"@context\":\"https:\\\/\\\/schema.org\",\"@graph\":[{\"@type\":\"WebPage\",\"@id\":\"https:\\\/\\\/bioperfectus.com.br\\\/en\\\/product\\\/hpv-screening-pcr-kit-differentiates-subtypes-16-18-from-16-other-subtypes\\\/\",\"url\":\"https:\\\/\\\/bioperfectus.com.br\\\/en\\\/product\\\/hpv-screening-pcr-kit-differentiates-subtypes-16-18-from-16-other-subtypes\\\/\",\"name\":\"HPV Screening PCR Kit (Differentiates Subtypes 16, 18 from 16 other Subtypes) - Bioperfectus Brasil\",\"isPartOf\":{\"@id\":\"https:\\\/\\\/bioperfectus.com.br\\\/en\\\/#website\"},\"primaryImageOfPage\":{\"@id\":\"https:\\\/\\\/bioperfectus.com.br\\\/en\\\/product\\\/hpv-screening-pcr-kit-differentiates-subtypes-16-18-from-16-other-subtypes\\\/#primaryimage\"},\"image\":{\"@id\":\"https:\\\/\\\/bioperfectus.com.br\\\/en\\\/product\\\/hpv-screening-pcr-kit-differentiates-subtypes-16-18-from-16-other-subtypes\\\/#primaryimage\"},\"thumbnailUrl\":\"https:\\\/\\\/bioperfectus.com.br\\\/wp-content\\\/uploads\\\/2025\\\/12\\\/Product_100072.png\",\"datePublished\":\"2025-12-10T17:32:59+00:00\",\"breadcrumb\":{\"@id\":\"https:\\\/\\\/bioperfectus.com.br\\\/en\\\/product\\\/hpv-screening-pcr-kit-differentiates-subtypes-16-18-from-16-other-subtypes\\\/#breadcrumb\"},\"inLanguage\":\"en-US\",\"potentialAction\":[{\"@type\":\"ReadAction\",\"target\":[\"https:\\\/\\\/bioperfectus.com.br\\\/en\\\/product\\\/hpv-screening-pcr-kit-differentiates-subtypes-16-18-from-16-other-subtypes\\\/\"]}]},{\"@type\":\"ImageObject\",\"inLanguage\":\"en-US\",\"@id\":\"https:\\\/\\\/bioperfectus.com.br\\\/en\\\/product\\\/hpv-screening-pcr-kit-differentiates-subtypes-16-18-from-16-other-subtypes\\\/#primaryimage\",\"url\":\"https:\\\/\\\/bioperfectus.com.br\\\/wp-content\\\/uploads\\\/2025\\\/12\\\/Product_100072.png\",\"contentUrl\":\"https:\\\/\\\/bioperfectus.com.br\\\/wp-content\\\/uploads\\\/2025\\\/12\\\/Product_100072.png\",\"width\":1200,\"height\":900},{\"@type\":\"BreadcrumbList\",\"@id\":\"https:\\\/\\\/bioperfectus.com.br\\\/en\\\/product\\\/hpv-screening-pcr-kit-differentiates-subtypes-16-18-from-16-other-subtypes\\\/#breadcrumb\",\"itemListElement\":[{\"@type\":\"ListItem\",\"position\":1,\"name\":\"Home\",\"item\":\"https:\\\/\\\/bioperfectus.com.br\\\/en\\\/?lang=en\"},{\"@type\":\"ListItem\",\"position\":2,\"name\":\"Store\",\"item\":\"https:\\\/\\\/bioperfectus.com.br\\\/shop\\\/?lang=en\"},{\"@type\":\"ListItem\",\"position\":3,\"name\":\"HPV Screening PCR Kit (Differentiates Subtypes 16, 18 from 16 other Subtypes)\"}]},{\"@type\":\"WebSite\",\"@id\":\"https:\\\/\\\/bioperfectus.com.br\\\/en\\\/#website\",\"url\":\"https:\\\/\\\/bioperfectus.com.br\\\/en\\\/\",\"name\":\"Bioperfectus Brasil\",\"description\":\"Unimos ci\u00eancia molecular, tecnologia de ponta e cuidado humano para oferecer diagn\u00f3sticos precisos, seguros e confi\u00e1veis.\",\"publisher\":{\"@id\":\"https:\\\/\\\/bioperfectus.com.br\\\/en\\\/#organization\"},\"potentialAction\":[{\"@type\":\"SearchAction\",\"target\":{\"@type\":\"EntryPoint\",\"urlTemplate\":\"https:\\\/\\\/bioperfectus.com.br\\\/en\\\/?s={search_term_string}\"},\"query-input\":{\"@type\":\"PropertyValueSpecification\",\"valueRequired\":true,\"valueName\":\"search_term_string\"}}],\"inLanguage\":\"en-US\"},{\"@type\":\"Organization\",\"@id\":\"https:\\\/\\\/bioperfectus.com.br\\\/en\\\/#organization\",\"name\":\"Bioperfectus Brasil\",\"url\":\"https:\\\/\\\/bioperfectus.com.br\\\/en\\\/\",\"logo\":{\"@type\":\"ImageObject\",\"inLanguage\":\"en-US\",\"@id\":\"https:\\\/\\\/bioperfectus.com.br\\\/en\\\/#\\\/schema\\\/logo\\\/image\\\/\",\"url\":\"https:\\\/\\\/bioperfectus.com.br\\\/wp-content\\\/uploads\\\/2025\\\/10\\\/bp-logo-color.webp\",\"contentUrl\":\"https:\\\/\\\/bioperfectus.com.br\\\/wp-content\\\/uploads\\\/2025\\\/10\\\/bp-logo-color.webp\",\"width\":995,\"height\":251,\"caption\":\"Bioperfectus Brasil\"},\"image\":{\"@id\":\"https:\\\/\\\/bioperfectus.com.br\\\/en\\\/#\\\/schema\\\/logo\\\/image\\\/\"}}]}<\/script>\n<!-- \/ Yoast SEO plugin. -->","yoast_head_json":{"title":"HPV Screening PCR Kit (Differentiates Subtypes 16, 18 from 16 other Subtypes) - Bioperfectus Brasil","robots":{"index":"index","follow":"follow","max-snippet":"max-snippet:-1","max-image-preview":"max-image-preview:large","max-video-preview":"max-video-preview:-1"},"canonical":"https:\/\/bioperfectus.com.br\/en\/product\/hpv-screening-pcr-kit-differentiates-subtypes-16-18-from-16-other-subtypes\/","og_locale":"en_US","og_type":"article","og_title":"HPV Screening PCR Kit (Differentiates Subtypes 16, 18 from 16 other Subtypes) - Bioperfectus Brasil","og_description":"Cervical cancer is a serious disease affecting the cervix and represents the fourth leading cause of cancer-related death in women. Human Papillomavirus (HPV) is a group of DNA viruses that exclusively infect human mucosal or epithelial cells and can lead to the development of cancer. There are more than 100 types of HPV, and each type shows a preference for specific infection regions.","og_url":"https:\/\/bioperfectus.com.br\/en\/product\/hpv-screening-pcr-kit-differentiates-subtypes-16-18-from-16-other-subtypes\/","og_site_name":"Bioperfectus Brasil","og_image":[{"width":1200,"height":900,"url":"https:\/\/bioperfectus.com.br\/wp-content\/uploads\/2025\/12\/Product_100072.png","type":"image\/png"}],"twitter_card":"summary_large_image","schema":{"@context":"https:\/\/schema.org","@graph":[{"@type":"WebPage","@id":"https:\/\/bioperfectus.com.br\/en\/product\/hpv-screening-pcr-kit-differentiates-subtypes-16-18-from-16-other-subtypes\/","url":"https:\/\/bioperfectus.com.br\/en\/product\/hpv-screening-pcr-kit-differentiates-subtypes-16-18-from-16-other-subtypes\/","name":"HPV Screening PCR Kit (Differentiates Subtypes 16, 18 from 16 other Subtypes) - Bioperfectus Brasil","isPartOf":{"@id":"https:\/\/bioperfectus.com.br\/en\/#website"},"primaryImageOfPage":{"@id":"https:\/\/bioperfectus.com.br\/en\/product\/hpv-screening-pcr-kit-differentiates-subtypes-16-18-from-16-other-subtypes\/#primaryimage"},"image":{"@id":"https:\/\/bioperfectus.com.br\/en\/product\/hpv-screening-pcr-kit-differentiates-subtypes-16-18-from-16-other-subtypes\/#primaryimage"},"thumbnailUrl":"https:\/\/bioperfectus.com.br\/wp-content\/uploads\/2025\/12\/Product_100072.png","datePublished":"2025-12-10T17:32:59+00:00","breadcrumb":{"@id":"https:\/\/bioperfectus.com.br\/en\/product\/hpv-screening-pcr-kit-differentiates-subtypes-16-18-from-16-other-subtypes\/#breadcrumb"},"inLanguage":"en-US","potentialAction":[{"@type":"ReadAction","target":["https:\/\/bioperfectus.com.br\/en\/product\/hpv-screening-pcr-kit-differentiates-subtypes-16-18-from-16-other-subtypes\/"]}]},{"@type":"ImageObject","inLanguage":"en-US","@id":"https:\/\/bioperfectus.com.br\/en\/product\/hpv-screening-pcr-kit-differentiates-subtypes-16-18-from-16-other-subtypes\/#primaryimage","url":"https:\/\/bioperfectus.com.br\/wp-content\/uploads\/2025\/12\/Product_100072.png","contentUrl":"https:\/\/bioperfectus.com.br\/wp-content\/uploads\/2025\/12\/Product_100072.png","width":1200,"height":900},{"@type":"BreadcrumbList","@id":"https:\/\/bioperfectus.com.br\/en\/product\/hpv-screening-pcr-kit-differentiates-subtypes-16-18-from-16-other-subtypes\/#breadcrumb","itemListElement":[{"@type":"ListItem","position":1,"name":"Home","item":"https:\/\/bioperfectus.com.br\/en\/?lang=en"},{"@type":"ListItem","position":2,"name":"Store","item":"https:\/\/bioperfectus.com.br\/shop\/?lang=en"},{"@type":"ListItem","position":3,"name":"HPV Screening PCR Kit (Differentiates Subtypes 16, 18 from 16 other Subtypes)"}]},{"@type":"WebSite","@id":"https:\/\/bioperfectus.com.br\/en\/#website","url":"https:\/\/bioperfectus.com.br\/en\/","name":"Bioperfectus Brasil","description":"Unimos ci\u00eancia molecular, tecnologia de ponta e cuidado humano para oferecer diagn\u00f3sticos precisos, seguros e confi\u00e1veis.","publisher":{"@id":"https:\/\/bioperfectus.com.br\/en\/#organization"},"potentialAction":[{"@type":"SearchAction","target":{"@type":"EntryPoint","urlTemplate":"https:\/\/bioperfectus.com.br\/en\/?s={search_term_string}"},"query-input":{"@type":"PropertyValueSpecification","valueRequired":true,"valueName":"search_term_string"}}],"inLanguage":"en-US"},{"@type":"Organization","@id":"https:\/\/bioperfectus.com.br\/en\/#organization","name":"Bioperfectus Brasil","url":"https:\/\/bioperfectus.com.br\/en\/","logo":{"@type":"ImageObject","inLanguage":"en-US","@id":"https:\/\/bioperfectus.com.br\/en\/#\/schema\/logo\/image\/","url":"https:\/\/bioperfectus.com.br\/wp-content\/uploads\/2025\/10\/bp-logo-color.webp","contentUrl":"https:\/\/bioperfectus.com.br\/wp-content\/uploads\/2025\/10\/bp-logo-color.webp","width":995,"height":251,"caption":"Bioperfectus Brasil"},"image":{"@id":"https:\/\/bioperfectus.com.br\/en\/#\/schema\/logo\/image\/"}}]}},"_links":{"self":[{"href":"https:\/\/bioperfectus.com.br\/en\/wp-json\/wp\/v2\/product\/2312","targetHints":{"allow":["GET"]}}],"collection":[{"href":"https:\/\/bioperfectus.com.br\/en\/wp-json\/wp\/v2\/product"}],"about":[{"href":"https:\/\/bioperfectus.com.br\/en\/wp-json\/wp\/v2\/types\/product"}],"wp:featuredmedia":[{"embeddable":true,"href":"https:\/\/bioperfectus.com.br\/en\/wp-json\/wp\/v2\/media\/567"}],"wp:attachment":[{"href":"https:\/\/bioperfectus.com.br\/en\/wp-json\/wp\/v2\/media?parent=2312"}],"wp:term":[{"taxonomy":"product_brand","embeddable":true,"href":"https:\/\/bioperfectus.com.br\/en\/wp-json\/wp\/v2\/product_brand?post=2312"},{"taxonomy":"product_cat","embeddable":true,"href":"https:\/\/bioperfectus.com.br\/en\/wp-json\/wp\/v2\/product_cat?post=2312"},{"taxonomy":"product_tag","embeddable":true,"href":"https:\/\/bioperfectus.com.br\/en\/wp-json\/wp\/v2\/product_tag?post=2312"}],"curies":[{"name":"wp","href":"https:\/\/api.w.org\/{rel}","templated":true}]}}