{"id":2026,"date":"2025-12-13T13:36:20","date_gmt":"2025-12-13T13:36:20","guid":{"rendered":"https:\/\/bioperfectus.com.br\/product\/monkeypox-virus-and-orthopoxvirus-real-time-pcr-kit\/"},"modified":"2025-12-13T13:36:20","modified_gmt":"2025-12-13T13:36:20","slug":"monkeypox-virus-and-orthopoxvirus-real-time-pcr-kit","status":"publish","type":"product","link":"https:\/\/bioperfectus.com.br\/en\/product\/monkeypox-virus-and-orthopoxvirus-real-time-pcr-kit\/","title":{"rendered":"Monkeypox Virus and Orthopoxvirus Real-Time PCR Kit"},"content":{"rendered":"","protected":false},"excerpt":{"rendered":"<p data-start=\"200\" data-end=\"344\">The Bioperfectus Monkeypox Virus and Orthopoxvirus Real-Time PCR Kit is based on real-time PCR technology. Specific primers and probes are developed based on the F3L gene regions of the monkeypox virus and the E9L gene of the Orthopoxvirus. The kit allows for the qualitative detection and differentiation of monkeypox virus DNA and Orthopoxvirus DNA, utilizing a constitutive gene (RNase P) as an internal control (IC). Samples can be obtained from human tonsillar swabs, nasopharyngeal swabs, serum, whole blood, lesion exudate, and crusts.   <\/p>\n","protected":false},"featured_media":752,"template":"","meta":{"_acf_changed":false},"product_brand":[],"product_cat":[111,82,93],"product_tag":[],"class_list":{"0":"post-2026","1":"product","2":"type-product","3":"status-publish","4":"has-post-thumbnail","6":"product_cat-human-diagnostics","7":"product_cat-pcr","8":"product_cat-zoonosis","10":"first","11":"instock","12":"shipping-taxable","13":"purchasable","14":"product-type-simple"},"acf":[],"yoast_head":"<!-- This site is optimized with the Yoast SEO plugin v27.4 - https:\/\/yoast.com\/product\/yoast-seo-wordpress\/ -->\n<title>Monkeypox Virus and Orthopoxvirus Real-Time PCR Kit - Bioperfectus Brasil<\/title>\n<meta name=\"robots\" content=\"index, follow, max-snippet:-1, max-image-preview:large, max-video-preview:-1\" \/>\n<link rel=\"canonical\" href=\"https:\/\/bioperfectus.com.br\/en\/product\/monkeypox-virus-and-orthopoxvirus-real-time-pcr-kit\/\" \/>\n<meta property=\"og:locale\" content=\"en_US\" \/>\n<meta property=\"og:type\" content=\"article\" \/>\n<meta property=\"og:title\" content=\"Monkeypox Virus and Orthopoxvirus Real-Time PCR Kit - Bioperfectus Brasil\" \/>\n<meta property=\"og:description\" content=\"The Bioperfectus Monkeypox Virus and Orthopoxvirus Real-Time PCR Kit is based on real-time PCR technology. Specific primers and probes are developed based on the F3L gene regions of the monkeypox virus and the E9L gene of the Orthopoxvirus. The kit allows for the qualitative detection and differentiation of monkeypox virus DNA and Orthopoxvirus DNA, utilizing a constitutive gene (RNase P) as an internal control (IC). Samples can be obtained from human tonsillar swabs, nasopharyngeal swabs, serum, whole blood, lesion exudate, and crusts.\" \/>\n<meta property=\"og:url\" content=\"https:\/\/bioperfectus.com.br\/en\/product\/monkeypox-virus-and-orthopoxvirus-real-time-pcr-kit\/\" \/>\n<meta property=\"og:site_name\" content=\"Bioperfectus Brasil\" \/>\n<meta property=\"og:image\" content=\"https:\/\/bioperfectus.com.br\/wp-content\/uploads\/2025\/12\/Product_100132.png\" \/>\n\t<meta property=\"og:image:width\" content=\"1200\" \/>\n\t<meta property=\"og:image:height\" content=\"900\" \/>\n\t<meta property=\"og:image:type\" content=\"image\/png\" \/>\n<meta name=\"twitter:card\" content=\"summary_large_image\" \/>\n<script type=\"application\/ld+json\" class=\"yoast-schema-graph\">{\"@context\":\"https:\\\/\\\/schema.org\",\"@graph\":[{\"@type\":\"WebPage\",\"@id\":\"https:\\\/\\\/bioperfectus.com.br\\\/en\\\/product\\\/monkeypox-virus-and-orthopoxvirus-real-time-pcr-kit\\\/\",\"url\":\"https:\\\/\\\/bioperfectus.com.br\\\/en\\\/product\\\/monkeypox-virus-and-orthopoxvirus-real-time-pcr-kit\\\/\",\"name\":\"Monkeypox Virus and Orthopoxvirus Real-Time PCR Kit - Bioperfectus Brasil\",\"isPartOf\":{\"@id\":\"https:\\\/\\\/bioperfectus.com.br\\\/en\\\/#website\"},\"primaryImageOfPage\":{\"@id\":\"https:\\\/\\\/bioperfectus.com.br\\\/en\\\/product\\\/monkeypox-virus-and-orthopoxvirus-real-time-pcr-kit\\\/#primaryimage\"},\"image\":{\"@id\":\"https:\\\/\\\/bioperfectus.com.br\\\/en\\\/product\\\/monkeypox-virus-and-orthopoxvirus-real-time-pcr-kit\\\/#primaryimage\"},\"thumbnailUrl\":\"https:\\\/\\\/bioperfectus.com.br\\\/wp-content\\\/uploads\\\/2025\\\/12\\\/Product_100132.png\",\"datePublished\":\"2025-12-13T13:36:20+00:00\",\"breadcrumb\":{\"@id\":\"https:\\\/\\\/bioperfectus.com.br\\\/en\\\/product\\\/monkeypox-virus-and-orthopoxvirus-real-time-pcr-kit\\\/#breadcrumb\"},\"inLanguage\":\"en-US\",\"potentialAction\":[{\"@type\":\"ReadAction\",\"target\":[\"https:\\\/\\\/bioperfectus.com.br\\\/en\\\/product\\\/monkeypox-virus-and-orthopoxvirus-real-time-pcr-kit\\\/\"]}]},{\"@type\":\"ImageObject\",\"inLanguage\":\"en-US\",\"@id\":\"https:\\\/\\\/bioperfectus.com.br\\\/en\\\/product\\\/monkeypox-virus-and-orthopoxvirus-real-time-pcr-kit\\\/#primaryimage\",\"url\":\"https:\\\/\\\/bioperfectus.com.br\\\/wp-content\\\/uploads\\\/2025\\\/12\\\/Product_100132.png\",\"contentUrl\":\"https:\\\/\\\/bioperfectus.com.br\\\/wp-content\\\/uploads\\\/2025\\\/12\\\/Product_100132.png\",\"width\":1200,\"height\":900},{\"@type\":\"BreadcrumbList\",\"@id\":\"https:\\\/\\\/bioperfectus.com.br\\\/en\\\/product\\\/monkeypox-virus-and-orthopoxvirus-real-time-pcr-kit\\\/#breadcrumb\",\"itemListElement\":[{\"@type\":\"ListItem\",\"position\":1,\"name\":\"Home\",\"item\":\"https:\\\/\\\/bioperfectus.com.br\\\/en\\\/?lang=en\"},{\"@type\":\"ListItem\",\"position\":2,\"name\":\"Store\",\"item\":\"https:\\\/\\\/bioperfectus.com.br\\\/shop\\\/?lang=en\"},{\"@type\":\"ListItem\",\"position\":3,\"name\":\"Monkeypox Virus and Orthopoxvirus Real-Time PCR Kit\"}]},{\"@type\":\"WebSite\",\"@id\":\"https:\\\/\\\/bioperfectus.com.br\\\/en\\\/#website\",\"url\":\"https:\\\/\\\/bioperfectus.com.br\\\/en\\\/\",\"name\":\"Bioperfectus Brasil\",\"description\":\"Unimos ci\u00eancia molecular, tecnologia de ponta e cuidado humano para oferecer diagn\u00f3sticos precisos, seguros e confi\u00e1veis.\",\"publisher\":{\"@id\":\"https:\\\/\\\/bioperfectus.com.br\\\/en\\\/#organization\"},\"potentialAction\":[{\"@type\":\"SearchAction\",\"target\":{\"@type\":\"EntryPoint\",\"urlTemplate\":\"https:\\\/\\\/bioperfectus.com.br\\\/en\\\/?s={search_term_string}\"},\"query-input\":{\"@type\":\"PropertyValueSpecification\",\"valueRequired\":true,\"valueName\":\"search_term_string\"}}],\"inLanguage\":\"en-US\"},{\"@type\":\"Organization\",\"@id\":\"https:\\\/\\\/bioperfectus.com.br\\\/en\\\/#organization\",\"name\":\"Bioperfectus Brasil\",\"url\":\"https:\\\/\\\/bioperfectus.com.br\\\/en\\\/\",\"logo\":{\"@type\":\"ImageObject\",\"inLanguage\":\"en-US\",\"@id\":\"https:\\\/\\\/bioperfectus.com.br\\\/en\\\/#\\\/schema\\\/logo\\\/image\\\/\",\"url\":\"https:\\\/\\\/bioperfectus.com.br\\\/wp-content\\\/uploads\\\/2025\\\/10\\\/bp-logo-color.webp\",\"contentUrl\":\"https:\\\/\\\/bioperfectus.com.br\\\/wp-content\\\/uploads\\\/2025\\\/10\\\/bp-logo-color.webp\",\"width\":995,\"height\":251,\"caption\":\"Bioperfectus Brasil\"},\"image\":{\"@id\":\"https:\\\/\\\/bioperfectus.com.br\\\/en\\\/#\\\/schema\\\/logo\\\/image\\\/\"}}]}<\/script>\n<!-- \/ Yoast SEO plugin. -->","yoast_head_json":{"title":"Monkeypox Virus and Orthopoxvirus Real-Time PCR Kit - Bioperfectus Brasil","robots":{"index":"index","follow":"follow","max-snippet":"max-snippet:-1","max-image-preview":"max-image-preview:large","max-video-preview":"max-video-preview:-1"},"canonical":"https:\/\/bioperfectus.com.br\/en\/product\/monkeypox-virus-and-orthopoxvirus-real-time-pcr-kit\/","og_locale":"en_US","og_type":"article","og_title":"Monkeypox Virus and Orthopoxvirus Real-Time PCR Kit - Bioperfectus Brasil","og_description":"The Bioperfectus Monkeypox Virus and Orthopoxvirus Real-Time PCR Kit is based on real-time PCR technology. Specific primers and probes are developed based on the F3L gene regions of the monkeypox virus and the E9L gene of the Orthopoxvirus. The kit allows for the qualitative detection and differentiation of monkeypox virus DNA and Orthopoxvirus DNA, utilizing a constitutive gene (RNase P) as an internal control (IC). Samples can be obtained from human tonsillar swabs, nasopharyngeal swabs, serum, whole blood, lesion exudate, and crusts.","og_url":"https:\/\/bioperfectus.com.br\/en\/product\/monkeypox-virus-and-orthopoxvirus-real-time-pcr-kit\/","og_site_name":"Bioperfectus Brasil","og_image":[{"width":1200,"height":900,"url":"https:\/\/bioperfectus.com.br\/wp-content\/uploads\/2025\/12\/Product_100132.png","type":"image\/png"}],"twitter_card":"summary_large_image","schema":{"@context":"https:\/\/schema.org","@graph":[{"@type":"WebPage","@id":"https:\/\/bioperfectus.com.br\/en\/product\/monkeypox-virus-and-orthopoxvirus-real-time-pcr-kit\/","url":"https:\/\/bioperfectus.com.br\/en\/product\/monkeypox-virus-and-orthopoxvirus-real-time-pcr-kit\/","name":"Monkeypox Virus and Orthopoxvirus Real-Time PCR Kit - Bioperfectus Brasil","isPartOf":{"@id":"https:\/\/bioperfectus.com.br\/en\/#website"},"primaryImageOfPage":{"@id":"https:\/\/bioperfectus.com.br\/en\/product\/monkeypox-virus-and-orthopoxvirus-real-time-pcr-kit\/#primaryimage"},"image":{"@id":"https:\/\/bioperfectus.com.br\/en\/product\/monkeypox-virus-and-orthopoxvirus-real-time-pcr-kit\/#primaryimage"},"thumbnailUrl":"https:\/\/bioperfectus.com.br\/wp-content\/uploads\/2025\/12\/Product_100132.png","datePublished":"2025-12-13T13:36:20+00:00","breadcrumb":{"@id":"https:\/\/bioperfectus.com.br\/en\/product\/monkeypox-virus-and-orthopoxvirus-real-time-pcr-kit\/#breadcrumb"},"inLanguage":"en-US","potentialAction":[{"@type":"ReadAction","target":["https:\/\/bioperfectus.com.br\/en\/product\/monkeypox-virus-and-orthopoxvirus-real-time-pcr-kit\/"]}]},{"@type":"ImageObject","inLanguage":"en-US","@id":"https:\/\/bioperfectus.com.br\/en\/product\/monkeypox-virus-and-orthopoxvirus-real-time-pcr-kit\/#primaryimage","url":"https:\/\/bioperfectus.com.br\/wp-content\/uploads\/2025\/12\/Product_100132.png","contentUrl":"https:\/\/bioperfectus.com.br\/wp-content\/uploads\/2025\/12\/Product_100132.png","width":1200,"height":900},{"@type":"BreadcrumbList","@id":"https:\/\/bioperfectus.com.br\/en\/product\/monkeypox-virus-and-orthopoxvirus-real-time-pcr-kit\/#breadcrumb","itemListElement":[{"@type":"ListItem","position":1,"name":"Home","item":"https:\/\/bioperfectus.com.br\/en\/?lang=en"},{"@type":"ListItem","position":2,"name":"Store","item":"https:\/\/bioperfectus.com.br\/shop\/?lang=en"},{"@type":"ListItem","position":3,"name":"Monkeypox Virus and Orthopoxvirus Real-Time PCR Kit"}]},{"@type":"WebSite","@id":"https:\/\/bioperfectus.com.br\/en\/#website","url":"https:\/\/bioperfectus.com.br\/en\/","name":"Bioperfectus Brasil","description":"Unimos ci\u00eancia molecular, tecnologia de ponta e cuidado humano para oferecer diagn\u00f3sticos precisos, seguros e confi\u00e1veis.","publisher":{"@id":"https:\/\/bioperfectus.com.br\/en\/#organization"},"potentialAction":[{"@type":"SearchAction","target":{"@type":"EntryPoint","urlTemplate":"https:\/\/bioperfectus.com.br\/en\/?s={search_term_string}"},"query-input":{"@type":"PropertyValueSpecification","valueRequired":true,"valueName":"search_term_string"}}],"inLanguage":"en-US"},{"@type":"Organization","@id":"https:\/\/bioperfectus.com.br\/en\/#organization","name":"Bioperfectus Brasil","url":"https:\/\/bioperfectus.com.br\/en\/","logo":{"@type":"ImageObject","inLanguage":"en-US","@id":"https:\/\/bioperfectus.com.br\/en\/#\/schema\/logo\/image\/","url":"https:\/\/bioperfectus.com.br\/wp-content\/uploads\/2025\/10\/bp-logo-color.webp","contentUrl":"https:\/\/bioperfectus.com.br\/wp-content\/uploads\/2025\/10\/bp-logo-color.webp","width":995,"height":251,"caption":"Bioperfectus Brasil"},"image":{"@id":"https:\/\/bioperfectus.com.br\/en\/#\/schema\/logo\/image\/"}}]}},"_links":{"self":[{"href":"https:\/\/bioperfectus.com.br\/en\/wp-json\/wp\/v2\/product\/2026","targetHints":{"allow":["GET"]}}],"collection":[{"href":"https:\/\/bioperfectus.com.br\/en\/wp-json\/wp\/v2\/product"}],"about":[{"href":"https:\/\/bioperfectus.com.br\/en\/wp-json\/wp\/v2\/types\/product"}],"wp:featuredmedia":[{"embeddable":true,"href":"https:\/\/bioperfectus.com.br\/en\/wp-json\/wp\/v2\/media\/752"}],"wp:attachment":[{"href":"https:\/\/bioperfectus.com.br\/en\/wp-json\/wp\/v2\/media?parent=2026"}],"wp:term":[{"taxonomy":"product_brand","embeddable":true,"href":"https:\/\/bioperfectus.com.br\/en\/wp-json\/wp\/v2\/product_brand?post=2026"},{"taxonomy":"product_cat","embeddable":true,"href":"https:\/\/bioperfectus.com.br\/en\/wp-json\/wp\/v2\/product_cat?post=2026"},{"taxonomy":"product_tag","embeddable":true,"href":"https:\/\/bioperfectus.com.br\/en\/wp-json\/wp\/v2\/product_tag?post=2026"}],"curies":[{"name":"wp","href":"https:\/\/api.w.org\/{rel}","templated":true}]}}