{"id":1782,"date":"2025-12-15T18:27:18","date_gmt":"2025-12-15T18:27:18","guid":{"rendered":"https:\/\/bioperfectus.com.br\/product\/ss-ams3000-automated-microecosystem-analysis-system\/"},"modified":"2025-12-15T18:27:18","modified_gmt":"2025-12-15T18:27:18","slug":"ss-ams3000-automated-microecosystem-analysis-system","status":"publish","type":"product","link":"https:\/\/bioperfectus.com.br\/en\/product\/ss-ams3000-automated-microecosystem-analysis-system\/","title":{"rendered":"SS-AMS3000 Automated Microecosystem Analysis System"},"content":{"rendered":"","protected":false},"excerpt":{"rendered":"<p data-start=\"200\" data-end=\"344\">This system consists of an optical imaging system (including light source, automatic platform, objective lens and lens body), an image acquisition system (camera), and software (including control and analysis functions), which must be used with a computer.<\/p>\n","protected":false},"featured_media":916,"template":"","meta":{"_acf_changed":false},"product_brand":[],"product_cat":[94,96],"product_tag":[],"class_list":{"0":"post-1782","1":"product","2":"type-product","3":"status-publish","4":"has-post-thumbnail","6":"product_cat-equipment","7":"product_cat-vaginal-microbiome-assessment-system","9":"first","10":"instock","11":"shipping-taxable","12":"purchasable","13":"product-type-simple"},"acf":[],"yoast_head":"<!-- This site is optimized with the Yoast SEO plugin v27.4 - https:\/\/yoast.com\/product\/yoast-seo-wordpress\/ -->\n<title>SS-AMS3000 Automated Microecosystem Analysis System - Bioperfectus Brasil<\/title>\n<meta name=\"robots\" content=\"index, follow, max-snippet:-1, max-image-preview:large, max-video-preview:-1\" \/>\n<link rel=\"canonical\" href=\"https:\/\/bioperfectus.com.br\/en\/product\/ss-ams3000-automated-microecosystem-analysis-system\/\" \/>\n<meta property=\"og:locale\" content=\"en_US\" \/>\n<meta property=\"og:type\" content=\"article\" \/>\n<meta property=\"og:title\" content=\"SS-AMS3000 Automated Microecosystem Analysis System - Bioperfectus Brasil\" \/>\n<meta property=\"og:description\" content=\"This system consists of an optical imaging system (including light source, automatic platform, objective lens and lens body), an image acquisition system (camera), and software (including control and analysis functions), which must be used with a computer.\" \/>\n<meta property=\"og:url\" content=\"https:\/\/bioperfectus.com.br\/en\/product\/ss-ams3000-automated-microecosystem-analysis-system\/\" \/>\n<meta property=\"og:site_name\" content=\"Bioperfectus Brasil\" \/>\n<meta property=\"og:image\" content=\"https:\/\/bioperfectus.com.br\/wp-content\/uploads\/2025\/12\/Product_1736388225.png\" \/>\n\t<meta property=\"og:image:width\" content=\"1200\" \/>\n\t<meta property=\"og:image:height\" content=\"900\" \/>\n\t<meta property=\"og:image:type\" content=\"image\/png\" \/>\n<meta name=\"twitter:card\" content=\"summary_large_image\" \/>\n<script type=\"application\/ld+json\" class=\"yoast-schema-graph\">{\"@context\":\"https:\\\/\\\/schema.org\",\"@graph\":[{\"@type\":\"WebPage\",\"@id\":\"https:\\\/\\\/bioperfectus.com.br\\\/en\\\/product\\\/ss-ams3000-automated-microecosystem-analysis-system\\\/\",\"url\":\"https:\\\/\\\/bioperfectus.com.br\\\/en\\\/product\\\/ss-ams3000-automated-microecosystem-analysis-system\\\/\",\"name\":\"SS-AMS3000 Automated Microecosystem Analysis System - Bioperfectus Brasil\",\"isPartOf\":{\"@id\":\"https:\\\/\\\/bioperfectus.com.br\\\/en\\\/#website\"},\"primaryImageOfPage\":{\"@id\":\"https:\\\/\\\/bioperfectus.com.br\\\/en\\\/product\\\/ss-ams3000-automated-microecosystem-analysis-system\\\/#primaryimage\"},\"image\":{\"@id\":\"https:\\\/\\\/bioperfectus.com.br\\\/en\\\/product\\\/ss-ams3000-automated-microecosystem-analysis-system\\\/#primaryimage\"},\"thumbnailUrl\":\"https:\\\/\\\/bioperfectus.com.br\\\/wp-content\\\/uploads\\\/2025\\\/12\\\/Product_1736388225.png\",\"datePublished\":\"2025-12-15T18:27:18+00:00\",\"breadcrumb\":{\"@id\":\"https:\\\/\\\/bioperfectus.com.br\\\/en\\\/product\\\/ss-ams3000-automated-microecosystem-analysis-system\\\/#breadcrumb\"},\"inLanguage\":\"en-US\",\"potentialAction\":[{\"@type\":\"ReadAction\",\"target\":[\"https:\\\/\\\/bioperfectus.com.br\\\/en\\\/product\\\/ss-ams3000-automated-microecosystem-analysis-system\\\/\"]}]},{\"@type\":\"ImageObject\",\"inLanguage\":\"en-US\",\"@id\":\"https:\\\/\\\/bioperfectus.com.br\\\/en\\\/product\\\/ss-ams3000-automated-microecosystem-analysis-system\\\/#primaryimage\",\"url\":\"https:\\\/\\\/bioperfectus.com.br\\\/wp-content\\\/uploads\\\/2025\\\/12\\\/Product_1736388225.png\",\"contentUrl\":\"https:\\\/\\\/bioperfectus.com.br\\\/wp-content\\\/uploads\\\/2025\\\/12\\\/Product_1736388225.png\",\"width\":1200,\"height\":900},{\"@type\":\"BreadcrumbList\",\"@id\":\"https:\\\/\\\/bioperfectus.com.br\\\/en\\\/product\\\/ss-ams3000-automated-microecosystem-analysis-system\\\/#breadcrumb\",\"itemListElement\":[{\"@type\":\"ListItem\",\"position\":1,\"name\":\"Home\",\"item\":\"https:\\\/\\\/bioperfectus.com.br\\\/en\\\/?lang=en\"},{\"@type\":\"ListItem\",\"position\":2,\"name\":\"Store\",\"item\":\"https:\\\/\\\/bioperfectus.com.br\\\/shop\\\/?lang=en\"},{\"@type\":\"ListItem\",\"position\":3,\"name\":\"SS-AMS3000 Automated Microecosystem Analysis System\"}]},{\"@type\":\"WebSite\",\"@id\":\"https:\\\/\\\/bioperfectus.com.br\\\/en\\\/#website\",\"url\":\"https:\\\/\\\/bioperfectus.com.br\\\/en\\\/\",\"name\":\"Bioperfectus Brasil\",\"description\":\"Unimos ci\u00eancia molecular, tecnologia de ponta e cuidado humano para oferecer diagn\u00f3sticos precisos, seguros e confi\u00e1veis.\",\"publisher\":{\"@id\":\"https:\\\/\\\/bioperfectus.com.br\\\/en\\\/#organization\"},\"potentialAction\":[{\"@type\":\"SearchAction\",\"target\":{\"@type\":\"EntryPoint\",\"urlTemplate\":\"https:\\\/\\\/bioperfectus.com.br\\\/en\\\/?s={search_term_string}\"},\"query-input\":{\"@type\":\"PropertyValueSpecification\",\"valueRequired\":true,\"valueName\":\"search_term_string\"}}],\"inLanguage\":\"en-US\"},{\"@type\":\"Organization\",\"@id\":\"https:\\\/\\\/bioperfectus.com.br\\\/en\\\/#organization\",\"name\":\"Bioperfectus Brasil\",\"url\":\"https:\\\/\\\/bioperfectus.com.br\\\/en\\\/\",\"logo\":{\"@type\":\"ImageObject\",\"inLanguage\":\"en-US\",\"@id\":\"https:\\\/\\\/bioperfectus.com.br\\\/en\\\/#\\\/schema\\\/logo\\\/image\\\/\",\"url\":\"https:\\\/\\\/bioperfectus.com.br\\\/wp-content\\\/uploads\\\/2025\\\/10\\\/bp-logo-color.webp\",\"contentUrl\":\"https:\\\/\\\/bioperfectus.com.br\\\/wp-content\\\/uploads\\\/2025\\\/10\\\/bp-logo-color.webp\",\"width\":995,\"height\":251,\"caption\":\"Bioperfectus Brasil\"},\"image\":{\"@id\":\"https:\\\/\\\/bioperfectus.com.br\\\/en\\\/#\\\/schema\\\/logo\\\/image\\\/\"}}]}<\/script>\n<!-- \/ Yoast SEO plugin. -->","yoast_head_json":{"title":"SS-AMS3000 Automated Microecosystem Analysis System - Bioperfectus Brasil","robots":{"index":"index","follow":"follow","max-snippet":"max-snippet:-1","max-image-preview":"max-image-preview:large","max-video-preview":"max-video-preview:-1"},"canonical":"https:\/\/bioperfectus.com.br\/en\/product\/ss-ams3000-automated-microecosystem-analysis-system\/","og_locale":"en_US","og_type":"article","og_title":"SS-AMS3000 Automated Microecosystem Analysis System - Bioperfectus Brasil","og_description":"This system consists of an optical imaging system (including light source, automatic platform, objective lens and lens body), an image acquisition system (camera), and software (including control and analysis functions), which must be used with a computer.","og_url":"https:\/\/bioperfectus.com.br\/en\/product\/ss-ams3000-automated-microecosystem-analysis-system\/","og_site_name":"Bioperfectus Brasil","og_image":[{"width":1200,"height":900,"url":"https:\/\/bioperfectus.com.br\/wp-content\/uploads\/2025\/12\/Product_1736388225.png","type":"image\/png"}],"twitter_card":"summary_large_image","schema":{"@context":"https:\/\/schema.org","@graph":[{"@type":"WebPage","@id":"https:\/\/bioperfectus.com.br\/en\/product\/ss-ams3000-automated-microecosystem-analysis-system\/","url":"https:\/\/bioperfectus.com.br\/en\/product\/ss-ams3000-automated-microecosystem-analysis-system\/","name":"SS-AMS3000 Automated Microecosystem Analysis System - Bioperfectus Brasil","isPartOf":{"@id":"https:\/\/bioperfectus.com.br\/en\/#website"},"primaryImageOfPage":{"@id":"https:\/\/bioperfectus.com.br\/en\/product\/ss-ams3000-automated-microecosystem-analysis-system\/#primaryimage"},"image":{"@id":"https:\/\/bioperfectus.com.br\/en\/product\/ss-ams3000-automated-microecosystem-analysis-system\/#primaryimage"},"thumbnailUrl":"https:\/\/bioperfectus.com.br\/wp-content\/uploads\/2025\/12\/Product_1736388225.png","datePublished":"2025-12-15T18:27:18+00:00","breadcrumb":{"@id":"https:\/\/bioperfectus.com.br\/en\/product\/ss-ams3000-automated-microecosystem-analysis-system\/#breadcrumb"},"inLanguage":"en-US","potentialAction":[{"@type":"ReadAction","target":["https:\/\/bioperfectus.com.br\/en\/product\/ss-ams3000-automated-microecosystem-analysis-system\/"]}]},{"@type":"ImageObject","inLanguage":"en-US","@id":"https:\/\/bioperfectus.com.br\/en\/product\/ss-ams3000-automated-microecosystem-analysis-system\/#primaryimage","url":"https:\/\/bioperfectus.com.br\/wp-content\/uploads\/2025\/12\/Product_1736388225.png","contentUrl":"https:\/\/bioperfectus.com.br\/wp-content\/uploads\/2025\/12\/Product_1736388225.png","width":1200,"height":900},{"@type":"BreadcrumbList","@id":"https:\/\/bioperfectus.com.br\/en\/product\/ss-ams3000-automated-microecosystem-analysis-system\/#breadcrumb","itemListElement":[{"@type":"ListItem","position":1,"name":"Home","item":"https:\/\/bioperfectus.com.br\/en\/?lang=en"},{"@type":"ListItem","position":2,"name":"Store","item":"https:\/\/bioperfectus.com.br\/shop\/?lang=en"},{"@type":"ListItem","position":3,"name":"SS-AMS3000 Automated Microecosystem Analysis System"}]},{"@type":"WebSite","@id":"https:\/\/bioperfectus.com.br\/en\/#website","url":"https:\/\/bioperfectus.com.br\/en\/","name":"Bioperfectus Brasil","description":"Unimos ci\u00eancia molecular, tecnologia de ponta e cuidado humano para oferecer diagn\u00f3sticos precisos, seguros e confi\u00e1veis.","publisher":{"@id":"https:\/\/bioperfectus.com.br\/en\/#organization"},"potentialAction":[{"@type":"SearchAction","target":{"@type":"EntryPoint","urlTemplate":"https:\/\/bioperfectus.com.br\/en\/?s={search_term_string}"},"query-input":{"@type":"PropertyValueSpecification","valueRequired":true,"valueName":"search_term_string"}}],"inLanguage":"en-US"},{"@type":"Organization","@id":"https:\/\/bioperfectus.com.br\/en\/#organization","name":"Bioperfectus Brasil","url":"https:\/\/bioperfectus.com.br\/en\/","logo":{"@type":"ImageObject","inLanguage":"en-US","@id":"https:\/\/bioperfectus.com.br\/en\/#\/schema\/logo\/image\/","url":"https:\/\/bioperfectus.com.br\/wp-content\/uploads\/2025\/10\/bp-logo-color.webp","contentUrl":"https:\/\/bioperfectus.com.br\/wp-content\/uploads\/2025\/10\/bp-logo-color.webp","width":995,"height":251,"caption":"Bioperfectus Brasil"},"image":{"@id":"https:\/\/bioperfectus.com.br\/en\/#\/schema\/logo\/image\/"}}]}},"_links":{"self":[{"href":"https:\/\/bioperfectus.com.br\/en\/wp-json\/wp\/v2\/product\/1782","targetHints":{"allow":["GET"]}}],"collection":[{"href":"https:\/\/bioperfectus.com.br\/en\/wp-json\/wp\/v2\/product"}],"about":[{"href":"https:\/\/bioperfectus.com.br\/en\/wp-json\/wp\/v2\/types\/product"}],"wp:featuredmedia":[{"embeddable":true,"href":"https:\/\/bioperfectus.com.br\/en\/wp-json\/wp\/v2\/media\/916"}],"wp:attachment":[{"href":"https:\/\/bioperfectus.com.br\/en\/wp-json\/wp\/v2\/media?parent=1782"}],"wp:term":[{"taxonomy":"product_brand","embeddable":true,"href":"https:\/\/bioperfectus.com.br\/en\/wp-json\/wp\/v2\/product_brand?post=1782"},{"taxonomy":"product_cat","embeddable":true,"href":"https:\/\/bioperfectus.com.br\/en\/wp-json\/wp\/v2\/product_cat?post=1782"},{"taxonomy":"product_tag","embeddable":true,"href":"https:\/\/bioperfectus.com.br\/en\/wp-json\/wp\/v2\/product_tag?post=1782"}],"curies":[{"name":"wp","href":"https:\/\/api.w.org\/{rel}","templated":true}]}}